{"id":15,"date":"2025-06-02T12:02:35","date_gmt":"2025-06-02T12:02:35","guid":{"rendered":"https:\/\/www.blancatec.com\/?page_id=15"},"modified":"2025-06-10T18:57:40","modified_gmt":"2025-06-10T18:57:40","slug":"it-services","status":"publish","type":"page","link":"https:\/\/www.blancatec.com\/es\/it-services\/","title":{"rendered":"TI"},"content":{"rendered":"<div id=\"fws_69fa089d53cb3\"  data-column-margin=\"default\" data-midnight=\"light\" data-top-percent=\"5%\" data-bottom-percent=\"5%\"  class=\"wpb_row vc_row-fluid vc_row full-width-section  reverse_columns_column_phone bottom_padding_phone_10pct\"  style=\"padding-top: calc(100vw * 0.05); padding-bottom: calc(100vw * 0.05); \"><div class=\"row-bg-wrap\" data-bg-animation=\"none\" data-bg-animation-delay=\"\" data-bg-overlay=\"false\"><div class=\"inner-wrap row-bg-layer\" ><div class=\"row-bg viewport-desktop using-bg-color\"  style=\"background-color: #1a7fec; \"><\/div><\/div><\/div><div class=\"row_col_wrap_12 col span_12 light left\">\n\t<div  class=\"vc_col-sm-6 wpb_column column_container vc_column_container col no-extra-padding inherit_tablet inherit_phone\"  data-padding-pos=\"all\" data-has-bg-color=\"false\" data-bg-color=\"\" data-bg-opacity=\"1\" data-animation=\"\" data-delay=\"0\" >\n\t\t<div class=\"vc_column-inner\" >\n\t\t\t<div class=\"wpb_wrapper\">\n\t\t\t\t<div class=\"nectar-badge nectar-inherit-label nectar-display-block text-color-1a7fec padding-amount-small badge-style-default\"><div class=\"nectar-badge__inner nectar-bg-extra-color-3\">TI<\/div><\/div>\n<div class=\"wpb_text_column wpb_content_element\" >\n\t<div class=\"wpb_wrapper\">\n\t\t<h1>Su socio inform\u00e1tico en la Costa Blanca<\/h1>\n\t<\/div>\n<\/div>\n\n\n\n\n<div class=\"wpb_text_column wpb_content_element\" >\n\t<div class=\"wpb_wrapper\">\n\t\t<p>Ya sea que trabajes desde tu retiro en Espa\u00f1a o simplemente quieras internet confiable para ver tus programas favoritos, Blancatec te conecta. Instalamos, reparamos y mantenemos todo lo digital, sin tecnicismos. Solo un servicio r\u00e1pido y fluido, en ingl\u00e9s.<\/p>\n\t<\/div>\n<\/div>\n\n\n\n\n\t\t\t<\/div> \n\t\t<\/div>\n\t<\/div> \n\n\t<div  class=\"vc_col-sm-6 wpb_column column_container vc_column_container col no-extra-padding inherit_tablet inherit_phone border_style_solid\"  data-padding-pos=\"all\" data-has-bg-color=\"false\" data-bg-color=\"\" data-bg-opacity=\"1\" data-animation=\"\" data-delay=\"0\" >\n\t\t<div class=\"vc_column-inner\" >\n\t\t\t<div class=\"wpb_wrapper\">\n\t\t\t\t<div class=\"img-with-aniamtion-wrap center\" data-max-width=\"100%\" data-max-width-mobile=\"default\" data-border-radius=\"15px\" data-shadow=\"none\" data-animation=\"none\" >\n      <div class=\"inner\">\n        <div class=\"hover-wrap\"> \n          <div class=\"hover-wrap-inner\">\n            <img loading=\"lazy\" decoding=\"async\" class=\"img-with-animation skip-lazy\" data-delay=\"0\" height=\"2048\" width=\"2048\" data-animation=\"none\" src=\"https:\/\/www.blancatec.com\/wp-content\/uploads\/2025\/06\/Gemini_Generated_Image_xmdtwwxmdtwwxmdt.jpeg\" alt=\"Expert installing a home IT device for Blancatec\" srcset=\"https:\/\/www.blancatec.com\/wp-content\/uploads\/2025\/06\/Gemini_Generated_Image_xmdtwwxmdtwwxmdt.jpeg 2048w, https:\/\/www.blancatec.com\/wp-content\/uploads\/2025\/06\/Gemini_Generated_Image_xmdtwwxmdtwwxmdt-300x300.jpeg 300w, https:\/\/www.blancatec.com\/wp-content\/uploads\/2025\/06\/Gemini_Generated_Image_xmdtwwxmdtwwxmdt-1024x1024.jpeg 1024w, https:\/\/www.blancatec.com\/wp-content\/uploads\/2025\/06\/Gemini_Generated_Image_xmdtwwxmdtwwxmdt-150x150.jpeg 150w, https:\/\/www.blancatec.com\/wp-content\/uploads\/2025\/06\/Gemini_Generated_Image_xmdtwwxmdtwwxmdt-768x768.jpeg 768w, https:\/\/www.blancatec.com\/wp-content\/uploads\/2025\/06\/Gemini_Generated_Image_xmdtwwxmdtwwxmdt-1536x1536.jpeg 1536w, https:\/\/www.blancatec.com\/wp-content\/uploads\/2025\/06\/Gemini_Generated_Image_xmdtwwxmdtwwxmdt-140x140.jpeg 140w, https:\/\/www.blancatec.com\/wp-content\/uploads\/2025\/06\/Gemini_Generated_Image_xmdtwwxmdtwwxmdt-100x100.jpeg 100w, https:\/\/www.blancatec.com\/wp-content\/uploads\/2025\/06\/Gemini_Generated_Image_xmdtwwxmdtwwxmdt-500x500.jpeg 500w, https:\/\/www.blancatec.com\/wp-content\/uploads\/2025\/06\/Gemini_Generated_Image_xmdtwwxmdtwwxmdt-350x350.jpeg 350w, https:\/\/www.blancatec.com\/wp-content\/uploads\/2025\/06\/Gemini_Generated_Image_xmdtwwxmdtwwxmdt-1000x1000.jpeg 1000w, https:\/\/www.blancatec.com\/wp-content\/uploads\/2025\/06\/Gemini_Generated_Image_xmdtwwxmdtwwxmdt-800x800.jpeg 800w\" sizes=\"auto, (max-width: 2048px) 100vw, 2048px\" \/>\n          <\/div>\n        <\/div>\n      <\/div>\n    <\/div>\n\t\t\t<\/div> \n\t\t<\/div>\n\t<\/div> \n<\/div><\/div>\n\t\t<div id=\"fws_69fa089d5432d\"  data-column-margin=\"default\" data-midnight=\"dark\" data-top-percent=\"5%\" data-bottom-percent=\"5%\"  class=\"wpb_row vc_row-fluid vc_row\"  style=\"padding-top: calc(100vw * 0.05); padding-bottom: calc(100vw * 0.05); \"><div class=\"row-bg-wrap\" data-bg-animation=\"none\" data-bg-animation-delay=\"\" data-bg-overlay=\"false\"><div class=\"inner-wrap row-bg-layer\" ><div class=\"row-bg viewport-desktop\"  style=\"\"><\/div><\/div><\/div><div class=\"row_col_wrap_12 col span_12 dark left\">\n\t<div  class=\"vc_col-sm-12 wpb_column column_container vc_column_container col no-extra-padding inherit_tablet inherit_phone\"  data-padding-pos=\"all\" data-has-bg-color=\"false\" data-bg-color=\"\" data-bg-opacity=\"1\" data-animation=\"\" data-delay=\"0\" >\n\t\t<div class=\"vc_column-inner\" >\n\t\t\t<div class=\"wpb_wrapper\">\n\t\t\t\t<div id=\"fws_69fa089d5446b\" data-midnight=\"\" data-column-margin=\"default\" class=\"wpb_row vc_row-fluid vc_row inner_row\"  style=\"\"><div class=\"row-bg-wrap\"> <div class=\"row-bg\" ><\/div> <\/div><div class=\"row_col_wrap_12_inner col span_12  left\">\n\t<div  class=\"vc_col-sm-8 wpb_column column_container vc_column_container col child_column no-extra-padding inherit_tablet inherit_phone\"   data-padding-pos=\"all\" data-has-bg-color=\"false\" data-bg-color=\"\" data-bg-opacity=\"1\" data-animation=\"\" data-delay=\"0\" >\n\t\t<div class=\"vc_column-inner\" >\n\t\t<div class=\"wpb_wrapper\">\n\t\t\t\n<div class=\"wpb_text_column wpb_content_element\" >\n\t<div class=\"wpb_wrapper\">\n\t\t<h2>Sabemos que la tecnolog\u00eda no es del agrado de todos, especialmente cuando se trata de espa\u00f1ol. Por eso, hacemos que tu configuraci\u00f3n inform\u00e1tica sea sencilla, f\u00e1cil y adaptada a la vida en el extranjero. Ya sea que te mudes a una nueva casa o renueves tu oficina, estamos aqu\u00ed para ayudarte.<\/h2>\n\t<\/div>\n<\/div>\n\n\n\n\n\t\t<\/div> \n\t<\/div>\n\t<\/div> \n\n\t<div  class=\"vc_col-sm-4 wpb_column column_container vc_column_container col child_column no-extra-padding inherit_tablet inherit_phone\"   data-padding-pos=\"all\" data-has-bg-color=\"false\" data-bg-color=\"\" data-bg-opacity=\"1\" data-animation=\"\" data-delay=\"0\" >\n\t\t<div class=\"vc_column-inner\" >\n\t\t<div class=\"wpb_wrapper\">\n\t\t\t\n\t\t<\/div> \n\t<\/div>\n\t<\/div> \n<\/div><\/div>\n\t\t\t<\/div> \n\t\t<\/div>\n\t<\/div> \n<\/div><\/div>\n\t\t<div id=\"fws_69fa089d5463a\"  data-column-margin=\"default\" data-midnight=\"dark\" data-top-percent=\"5%\" data-bottom-percent=\"5%\"  class=\"wpb_row vc_row-fluid vc_row full-width-section\"  style=\"padding-top: calc(100vw * 0.05); padding-bottom: calc(100vw * 0.05); \"><div class=\"row-bg-wrap\" data-bg-animation=\"none\" data-bg-animation-delay=\"\" data-bg-overlay=\"true\"><div class=\"inner-wrap row-bg-layer\" ><div class=\"row-bg viewport-desktop\"  style=\"\"><\/div><\/div><div class=\"row-bg-overlay row-bg-layer\" style=\"background: #e5f1ff; background: linear-gradient(to bottom,#e5f1ff 0%,#ffffff 100%);  opacity: 0.8; \"><\/div><\/div><div class=\"row_col_wrap_12 col span_12 dark left\">\n\t<div  class=\"vc_col-sm-12 wpb_column column_container vc_column_container col no-extra-padding inherit_tablet inherit_phone\"  data-padding-pos=\"all\" data-has-bg-color=\"false\" data-bg-color=\"\" data-bg-opacity=\"1\" data-animation=\"\" data-delay=\"0\" >\n\t\t<div class=\"vc_column-inner\" >\n\t\t\t<div class=\"wpb_wrapper\">\n\t\t\t\t<div id=\"fws_69fa089d54734\" data-midnight=\"\" data-column-margin=\"default\" class=\"wpb_row vc_row-fluid vc_row inner_row  reverse_columns_column_tablet reverse_columns_column_phone\"  style=\"\"><div class=\"row-bg-wrap\"> <div class=\"row-bg\" ><\/div> <\/div><div class=\"row_col_wrap_12_inner col span_12  left\">\n\t<div  class=\"vc_col-sm-6 wpb_column column_container vc_column_container col child_column no-extra-padding inherit_tablet inherit_phone\"   data-padding-pos=\"all\" data-has-bg-color=\"false\" data-bg-color=\"\" data-bg-opacity=\"1\" data-animation=\"\" data-delay=\"0\" >\n\t\t<div class=\"vc_column-inner\" >\n\t\t<div class=\"wpb_wrapper\">\n\t\t\t<div class=\"nectar-badge nectar-inherit-label nectar-display-block padding-amount-small badge-style-default\"><div class=\"nectar-badge__inner nectar-bg-accent-color\">Lo que ofrecemos<\/div><\/div>\n<div class=\"wpb_text_column wpb_content_element\" >\n\t<div class=\"wpb_wrapper\">\n\t\t<h2>\u00bfQu\u00e9 puede hacer Blancatec por m\u00ed?<\/h2>\n\t<\/div>\n<\/div>\n\n\n\n<div class=\"nectar-responsive-text font_size_desktop_21px nectar-link-underline-effect\" style=\"color: #1a7fec;\"><p><strong>Soporte de TI integral para hogares y empresas<\/strong><\/p>\n<\/div>\n<div class=\"wpb_text_column wpb_content_element\" >\n\t<div class=\"wpb_wrapper\">\n\t\t<p>No solo conectamos cables, sino que creamos entornos tecnol\u00f3gicos que realmente simplifican la vida. Ya sea que quieras ver Netflix sin interrupciones o necesites una configuraci\u00f3n a prueba de fallos para tu negocio, lo tenemos cubierto.<\/p>\n\t<\/div>\n<\/div>\n\n\n\n\n\t\t<\/div> \n\t<\/div>\n\t<\/div> \n\n\t<div  class=\"vc_col-sm-6 wpb_column column_container vc_column_container col child_column no-extra-padding inherit_tablet inherit_phone\"   data-padding-pos=\"all\" data-has-bg-color=\"false\" data-bg-color=\"\" data-bg-opacity=\"1\" data-animation=\"\" data-delay=\"0\" >\n\t\t<div class=\"vc_column-inner\" >\n\t\t<div class=\"wpb_wrapper\">\n\t\t\t<div class=\"img-with-aniamtion-wrap\" data-max-width=\"100%\" data-max-width-mobile=\"default\" data-border-radius=\"15px\" data-shadow=\"none\" data-animation=\"none\" >\n      <div class=\"inner\">\n        <div class=\"hover-wrap\"> \n          <div class=\"hover-wrap-inner\">\n            <img loading=\"lazy\" decoding=\"async\" class=\"img-with-animation skip-lazy\" data-delay=\"0\" height=\"2048\" width=\"2048\" data-animation=\"none\" src=\"https:\/\/www.blancatec.com\/wp-content\/uploads\/2025\/06\/Gemini_Generated_Image_y8ohkyy8ohkyy8oh-1.jpeg\" alt=\"Expert installing a home IT device for Blancatec\" srcset=\"https:\/\/www.blancatec.com\/wp-content\/uploads\/2025\/06\/Gemini_Generated_Image_y8ohkyy8ohkyy8oh-1.jpeg 2048w, https:\/\/www.blancatec.com\/wp-content\/uploads\/2025\/06\/Gemini_Generated_Image_y8ohkyy8ohkyy8oh-1-300x300.jpeg 300w, https:\/\/www.blancatec.com\/wp-content\/uploads\/2025\/06\/Gemini_Generated_Image_y8ohkyy8ohkyy8oh-1-1024x1024.jpeg 1024w, https:\/\/www.blancatec.com\/wp-content\/uploads\/2025\/06\/Gemini_Generated_Image_y8ohkyy8ohkyy8oh-1-150x150.jpeg 150w, https:\/\/www.blancatec.com\/wp-content\/uploads\/2025\/06\/Gemini_Generated_Image_y8ohkyy8ohkyy8oh-1-768x768.jpeg 768w, https:\/\/www.blancatec.com\/wp-content\/uploads\/2025\/06\/Gemini_Generated_Image_y8ohkyy8ohkyy8oh-1-1536x1536.jpeg 1536w, https:\/\/www.blancatec.com\/wp-content\/uploads\/2025\/06\/Gemini_Generated_Image_y8ohkyy8ohkyy8oh-1-140x140.jpeg 140w, https:\/\/www.blancatec.com\/wp-content\/uploads\/2025\/06\/Gemini_Generated_Image_y8ohkyy8ohkyy8oh-1-100x100.jpeg 100w, https:\/\/www.blancatec.com\/wp-content\/uploads\/2025\/06\/Gemini_Generated_Image_y8ohkyy8ohkyy8oh-1-500x500.jpeg 500w, https:\/\/www.blancatec.com\/wp-content\/uploads\/2025\/06\/Gemini_Generated_Image_y8ohkyy8ohkyy8oh-1-350x350.jpeg 350w, https:\/\/www.blancatec.com\/wp-content\/uploads\/2025\/06\/Gemini_Generated_Image_y8ohkyy8ohkyy8oh-1-1000x1000.jpeg 1000w, https:\/\/www.blancatec.com\/wp-content\/uploads\/2025\/06\/Gemini_Generated_Image_y8ohkyy8ohkyy8oh-1-800x800.jpeg 800w\" sizes=\"auto, (max-width: 2048px) 100vw, 2048px\" \/>\n          <\/div>\n        <\/div>\n      <\/div>\n    <\/div>\n\t\t<\/div> \n\t<\/div>\n\t<\/div> \n<\/div><\/div><div id=\"fws_69fa089d54bd1\" data-midnight=\"\" data-column-margin=\"default\" class=\"wpb_row vc_row-fluid vc_row inner_row vc_row-o-equal-height vc_row-flex vc_row-o-content-top\"  style=\"\"><div class=\"row-bg-wrap\"> <div class=\"row-bg\" ><\/div> <\/div><div class=\"row_col_wrap_12_inner col span_12  left\">\n\t<div style=\"\" class=\"vc_col-sm-6 wpb_column column_container vc_column_container col child_column left_padding_desktop_48px left_padding_tablet_32px left_padding_phone_24px top_padding_desktop_48px top_padding_tablet_32px top_padding_phone_24px right_padding_desktop_48px right_padding_tablet_32px right_padding_phone_24px bottom_padding_desktop_48px bottom_padding_tablet_32px bottom_padding_phone_24px\"  data-using-bg=\"true\" data-shadow=\"small_depth\" data-border-radius=\"15px\" data-padding-pos=\"all\" data-has-bg-color=\"true\" data-bg-color=\"#ffffff\" data-bg-opacity=\"1\" data-animation=\"\" data-delay=\"0\" >\n\t\t<div class=\"vc_column-inner\" ><div class=\"column-bg-overlay-wrap column-bg-layer\" data-bg-animation=\"none\"><div class=\"column-bg-overlay\" style=\"opacity: 1; background-color: #ffffff;\"><\/div><\/div>\n\t\t<div class=\"wpb_wrapper\">\n\t\t\t\n<div class=\"wpb_text_column wpb_content_element\" >\n\t<div class=\"wpb_wrapper\">\n\t\t<h3>Para hogares:<\/h3>\n\t<\/div>\n<\/div>\n\n\n\n\n<div class=\"wpb_text_column wpb_content_element\" >\n\t<div class=\"wpb_wrapper\">\n\t\t<p><strong>Instalaci\u00f3n de red Wi-Fi<\/strong><br \/>\nNo m\u00e1s adivinar contrase\u00f1as ni reiniciar enrutadores tres veces al d\u00eda.<br \/>\n<strong>Configuraci\u00f3n de la impresora<br \/>\n<\/strong>Hacemos que su impresora se comporte bien, s\u00ed, incluso esa.<br \/>\n<strong>Dispositivos dom\u00e9sticos inteligentes<\/strong><br \/>\nControla tus luces, cerraduras o cafetera desde tu tel\u00e9fono.<br \/>\n<strong>Instalaci\u00f3n de c\u00e1mara IP<br \/>\n<\/strong>Vigila tu casa, incluso cuando est\u00e9s en la playa.<\/p>\n\t<\/div>\n<\/div>\n\n\n\n\n\t\t<\/div> \n\t<\/div>\n\t<\/div> \n\n\t<div style=\"\" class=\"vc_col-sm-6 wpb_column column_container vc_column_container col child_column left_padding_desktop_48px left_padding_tablet_32px left_padding_phone_24px top_padding_desktop_48px top_padding_tablet_32px top_padding_phone_24px right_padding_desktop_48px right_padding_tablet_32px right_padding_phone_24px bottom_padding_desktop_48px bottom_padding_tablet_32px bottom_padding_phone_24px\"  data-using-bg=\"true\" data-shadow=\"small_depth\" data-border-radius=\"15px\" data-padding-pos=\"all\" data-has-bg-color=\"true\" data-bg-color=\"#ffffff\" data-bg-opacity=\"1\" data-animation=\"\" data-delay=\"0\" >\n\t\t<div class=\"vc_column-inner\" ><div class=\"column-bg-overlay-wrap column-bg-layer\" data-bg-animation=\"none\"><div class=\"column-bg-overlay\" style=\"opacity: 1; background-color: #ffffff;\"><\/div><\/div>\n\t\t<div class=\"wpb_wrapper\">\n\t\t\t\n<div class=\"wpb_text_column wpb_content_element\" >\n\t<div class=\"wpb_wrapper\">\n\t\t<h3>Para empresas:<\/h3>\n\t<\/div>\n<\/div>\n\n\n\n\n<div class=\"wpb_text_column wpb_content_element\" >\n\t<div class=\"wpb_wrapper\">\n\t\t<p><strong>Instalaci\u00f3n y mantenimiento de redes<br \/>\n<\/strong>Desde el cableado hasta el Wi-Fi, totalmente configurado y seguro.<br \/>\n<strong>Configuraci\u00f3n y soporte de computadoras<br \/>\n<\/strong>Instalaciones sencillas, cero dolores de cabeza y mantenimiento continuo.<br \/>\n<strong>Soluciones de seguridad y firewall<br \/>\n<\/strong>Mantenga a raya a los malos con protecci\u00f3n digital de nivel profesional.<br \/>\n<strong>Sistemas PBX VoIP<br \/>\n<\/strong>Llamadas claras y rentables: diga adi\u00f3s a las llamadas dudosas de Teams.<br \/>\n<strong>Gesti\u00f3n del correo electr\u00f3nico y migraci\u00f3n a Microsoft 365<br \/>\n<\/strong>No pierdas ning\u00fan correo electr\u00f3nico. Trasladaremos tu configuraci\u00f3n a la nube sin interrupciones.<\/p>\n\t<\/div>\n<\/div>\n\n\n\n\n\t\t<\/div> \n\t<\/div>\n\t<\/div> \n<\/div><\/div>\n\t\t\t<\/div> \n\t\t<\/div>\n\t<\/div> \n<\/div><\/div>","protected":false},"excerpt":{"rendered":"IT Services Your IT partner on the Costa Blanca Whether you're working from your Spanish retreat or just want reliable internet to stream your favorite shows, Blancatec gets you connected....","protected":false},"author":2,"featured_media":0,"parent":0,"menu_order":0,"comment_status":"closed","ping_status":"closed","template":"","meta":{"footnotes":""},"class_list":["post-15","page","type-page","status-publish"],"yoast_head":"<!-- This site is optimized with the Yoast SEO plugin v27.5 - https:\/\/yoast.com\/product\/yoast-seo-wordpress\/ -->\n<title>IT Services | Blancatec<\/title>\n<meta name=\"description\" content=\"Blancatec gets you connected. We install, fix, and maintain everything digital\u2014without the jargon. Just fast, fluent service, in English.\" \/>\n<meta name=\"robots\" content=\"index, follow, max-snippet:-1, max-image-preview:large, max-video-preview:-1\" \/>\n<link rel=\"canonical\" href=\"https:\/\/www.blancatec.com\/es\/it-services\/\" \/>\n<meta property=\"og:locale\" content=\"es_ES\" \/>\n<meta property=\"og:type\" content=\"article\" \/>\n<meta property=\"og:title\" content=\"IT Services | Blancatec\" \/>\n<meta property=\"og:description\" content=\"Blancatec gets you connected. We install, fix, and maintain everything digital\u2014without the jargon. Just fast, fluent service, in English.\" \/>\n<meta property=\"og:url\" content=\"https:\/\/www.blancatec.com\/es\/it-services\/\" \/>\n<meta property=\"og:site_name\" content=\"Blancatec\" \/>\n<meta property=\"article:modified_time\" content=\"2025-06-10T18:57:40+00:00\" \/>\n<meta property=\"og:image\" content=\"https:\/\/www.blancatec.com\/wp-content\/uploads\/2025\/06\/Site-image-Yoast-SEO.png\" \/>\n\t<meta property=\"og:image:width\" content=\"1200\" \/>\n\t<meta property=\"og:image:height\" content=\"675\" \/>\n\t<meta property=\"og:image:type\" content=\"image\/png\" \/>\n<meta name=\"twitter:card\" content=\"summary_large_image\" \/>\n<meta name=\"twitter:label1\" content=\"Tiempo de lectura\" \/>\n\t<meta name=\"twitter:data1\" content=\"2 minutos\" \/>\n<script type=\"application\/ld+json\" class=\"yoast-schema-graph\">{\"@context\":\"https:\\\/\\\/schema.org\",\"@graph\":[{\"@type\":\"WebPage\",\"@id\":\"https:\\\/\\\/www.blancatec.com\\\/it-services\\\/\",\"url\":\"https:\\\/\\\/www.blancatec.com\\\/it-services\\\/\",\"name\":\"IT Services | Blancatec\",\"isPartOf\":{\"@id\":\"https:\\\/\\\/www.blancatec.com\\\/#website\"},\"datePublished\":\"2025-06-02T12:02:35+00:00\",\"dateModified\":\"2025-06-10T18:57:40+00:00\",\"description\":\"Blancatec gets you connected. We install, fix, and maintain everything digital\u2014without the jargon. Just fast, fluent service, in English.\",\"breadcrumb\":{\"@id\":\"https:\\\/\\\/www.blancatec.com\\\/it-services\\\/#breadcrumb\"},\"inLanguage\":\"es\",\"potentialAction\":[{\"@type\":\"ReadAction\",\"target\":[\"https:\\\/\\\/www.blancatec.com\\\/it-services\\\/\"]}]},{\"@type\":\"BreadcrumbList\",\"@id\":\"https:\\\/\\\/www.blancatec.com\\\/it-services\\\/#breadcrumb\",\"itemListElement\":[{\"@type\":\"ListItem\",\"position\":1,\"name\":\"Home\",\"item\":\"https:\\\/\\\/www.blancatec.com\\\/\"},{\"@type\":\"ListItem\",\"position\":2,\"name\":\"IT Services\"}]},{\"@type\":\"WebSite\",\"@id\":\"https:\\\/\\\/www.blancatec.com\\\/#website\",\"url\":\"https:\\\/\\\/www.blancatec.com\\\/\",\"name\":\"Blancatec\",\"description\":\"Your IT &amp; Security Partner on the Costa Blanca\",\"potentialAction\":[{\"@type\":\"SearchAction\",\"target\":{\"@type\":\"EntryPoint\",\"urlTemplate\":\"https:\\\/\\\/www.blancatec.com\\\/?s={search_term_string}\"},\"query-input\":{\"@type\":\"PropertyValueSpecification\",\"valueRequired\":true,\"valueName\":\"search_term_string\"}}],\"inLanguage\":\"es\"}]}<\/script>\n<!-- \/ Yoast SEO plugin. -->","yoast_head_json":{"title":"IT Services | Blancatec","description":"Blancatec gets you connected. We install, fix, and maintain everything digital\u2014without the jargon. Just fast, fluent service, in English.","robots":{"index":"index","follow":"follow","max-snippet":"max-snippet:-1","max-image-preview":"max-image-preview:large","max-video-preview":"max-video-preview:-1"},"canonical":"https:\/\/www.blancatec.com\/es\/it-services\/","og_locale":"es_ES","og_type":"article","og_title":"IT Services | Blancatec","og_description":"Blancatec gets you connected. We install, fix, and maintain everything digital\u2014without the jargon. Just fast, fluent service, in English.","og_url":"https:\/\/www.blancatec.com\/es\/it-services\/","og_site_name":"Blancatec","article_modified_time":"2025-06-10T18:57:40+00:00","og_image":[{"width":1200,"height":675,"url":"https:\/\/www.blancatec.com\/wp-content\/uploads\/2025\/06\/Site-image-Yoast-SEO.png","type":"image\/png"}],"twitter_card":"summary_large_image","twitter_misc":{"Tiempo de lectura":"2 minutos"},"schema":{"@context":"https:\/\/schema.org","@graph":[{"@type":"WebPage","@id":"https:\/\/www.blancatec.com\/it-services\/","url":"https:\/\/www.blancatec.com\/it-services\/","name":"IT Services | Blancatec","isPartOf":{"@id":"https:\/\/www.blancatec.com\/#website"},"datePublished":"2025-06-02T12:02:35+00:00","dateModified":"2025-06-10T18:57:40+00:00","description":"Blancatec gets you connected. We install, fix, and maintain everything digital\u2014without the jargon. Just fast, fluent service, in English.","breadcrumb":{"@id":"https:\/\/www.blancatec.com\/it-services\/#breadcrumb"},"inLanguage":"es","potentialAction":[{"@type":"ReadAction","target":["https:\/\/www.blancatec.com\/it-services\/"]}]},{"@type":"BreadcrumbList","@id":"https:\/\/www.blancatec.com\/it-services\/#breadcrumb","itemListElement":[{"@type":"ListItem","position":1,"name":"Home","item":"https:\/\/www.blancatec.com\/"},{"@type":"ListItem","position":2,"name":"IT Services"}]},{"@type":"WebSite","@id":"https:\/\/www.blancatec.com\/#website","url":"https:\/\/www.blancatec.com\/","name":"Blancatec","description":"Your IT &amp; Security Partner on the Costa Blanca","potentialAction":[{"@type":"SearchAction","target":{"@type":"EntryPoint","urlTemplate":"https:\/\/www.blancatec.com\/?s={search_term_string}"},"query-input":{"@type":"PropertyValueSpecification","valueRequired":true,"valueName":"search_term_string"}}],"inLanguage":"es"}]}},"_links":{"self":[{"href":"https:\/\/www.blancatec.com\/es\/wp-json\/wp\/v2\/pages\/15","targetHints":{"allow":["GET"]}}],"collection":[{"href":"https:\/\/www.blancatec.com\/es\/wp-json\/wp\/v2\/pages"}],"about":[{"href":"https:\/\/www.blancatec.com\/es\/wp-json\/wp\/v2\/types\/page"}],"author":[{"embeddable":true,"href":"https:\/\/www.blancatec.com\/es\/wp-json\/wp\/v2\/users\/2"}],"replies":[{"embeddable":true,"href":"https:\/\/www.blancatec.com\/es\/wp-json\/wp\/v2\/comments?post=15"}],"version-history":[{"count":6,"href":"https:\/\/www.blancatec.com\/es\/wp-json\/wp\/v2\/pages\/15\/revisions"}],"predecessor-version":[{"id":108,"href":"https:\/\/www.blancatec.com\/es\/wp-json\/wp\/v2\/pages\/15\/revisions\/108"}],"wp:attachment":[{"href":"https:\/\/www.blancatec.com\/es\/wp-json\/wp\/v2\/media?parent=15"}],"curies":[{"name":"wp","href":"https:\/\/api.w.org\/{rel}","templated":true}]}}