{"id":19,"date":"2025-06-02T12:05:58","date_gmt":"2025-06-02T12:05:58","guid":{"rendered":"https:\/\/www.blancatec.com\/?page_id=19"},"modified":"2025-09-12T12:40:50","modified_gmt":"2025-09-12T12:40:50","slug":"business-solutions","status":"publish","type":"page","link":"https:\/\/www.blancatec.com\/es\/business-solutions\/","title":{"rendered":"Empresas"},"content":{"rendered":"<div id=\"fws_69fa0ce08fae1\"  data-column-margin=\"default\" data-midnight=\"light\" data-top-percent=\"5%\" data-bottom-percent=\"5%\"  class=\"wpb_row vc_row-fluid vc_row full-width-section  reverse_columns_column_phone bottom_padding_phone_10pct\"  style=\"padding-top: calc(100vw * 0.05); padding-bottom: calc(100vw * 0.05); \"><div class=\"row-bg-wrap\" data-bg-animation=\"none\" data-bg-animation-delay=\"\" data-bg-overlay=\"false\"><div class=\"inner-wrap row-bg-layer\" ><div class=\"row-bg viewport-desktop using-bg-color\"  style=\"background-color: #1a7fec; \"><\/div><\/div><\/div><div class=\"row_col_wrap_12 col span_12 light left\">\n\t<div  class=\"vc_col-sm-6 wpb_column column_container vc_column_container col no-extra-padding inherit_tablet inherit_phone\"  data-padding-pos=\"all\" data-has-bg-color=\"false\" data-bg-color=\"\" data-bg-opacity=\"1\" data-animation=\"\" data-delay=\"0\" >\n\t\t<div class=\"vc_column-inner\" >\n\t\t\t<div class=\"wpb_wrapper\">\n\t\t\t\t<div class=\"nectar-badge nectar-inherit-label nectar-display-block text-color-1a7fec padding-amount-small badge-style-default\"><div class=\"nectar-badge__inner nectar-bg-extra-color-3\">Empresas<\/div><\/div>\n<div class=\"wpb_text_column wpb_content_element\" >\n\t<div class=\"wpb_wrapper\">\n\t\t<h1>Soluciones de TI y seguridad de nivel empresarial en la Costa Blanca<\/h1>\n\t<\/div>\n<\/div>\n\n\n\n\n<div class=\"wpb_text_column wpb_content_element\" >\n\t<div class=\"wpb_wrapper\">\n\t\t<p>Dirigir un negocio en Espa\u00f1a conlleva desaf\u00edos \u00fanicos: barreras ling\u00fc\u00edsticas, configuraciones t\u00e9cnicas y la necesidad de encontrar proveedores de servicios de confianza. Blancatec ayuda a emprendedores, equipos remotos y peque\u00f1as empresas a mantenerse conectados, seguros y sin estr\u00e9s. Con un solo socio, en diferentes idiomas.<\/p>\n\t<\/div>\n<\/div>\n\n\n\n\n\t\t\t<\/div> \n\t\t<\/div>\n\t<\/div> \n\n\t<div  class=\"vc_col-sm-6 wpb_column column_container vc_column_container col no-extra-padding inherit_tablet inherit_phone border_style_solid\"  data-border-radius=\"15px\" data-padding-pos=\"all\" data-has-bg-color=\"false\" data-bg-color=\"\" data-bg-opacity=\"1\" data-animation=\"\" data-delay=\"0\" >\n\t\t<div class=\"vc_column-inner\" >\n\t\t\t<div class=\"wpb_wrapper\">\n\t\t\t\t<div class=\"img-with-aniamtion-wrap center\" data-max-width=\"100%\" data-max-width-mobile=\"default\" data-border-radius=\"15px\" data-shadow=\"none\" data-animation=\"none\" >\n      <div class=\"inner\">\n        <div class=\"hover-wrap\"> \n          <div class=\"hover-wrap-inner\">\n            <img loading=\"lazy\" decoding=\"async\" class=\"img-with-animation skip-lazy\" data-delay=\"0\" height=\"2048\" width=\"2048\" data-animation=\"none\" src=\"https:\/\/www.blancatec.com\/wp-content\/uploads\/2025\/06\/Gemini_Generated_Image_d142rfd142rfd142.jpeg\" alt=\"Expert installing a home IT device for Blancatec\" srcset=\"https:\/\/www.blancatec.com\/wp-content\/uploads\/2025\/06\/Gemini_Generated_Image_d142rfd142rfd142.jpeg 2048w, https:\/\/www.blancatec.com\/wp-content\/uploads\/2025\/06\/Gemini_Generated_Image_d142rfd142rfd142-300x300.jpeg 300w, https:\/\/www.blancatec.com\/wp-content\/uploads\/2025\/06\/Gemini_Generated_Image_d142rfd142rfd142-1024x1024.jpeg 1024w, https:\/\/www.blancatec.com\/wp-content\/uploads\/2025\/06\/Gemini_Generated_Image_d142rfd142rfd142-150x150.jpeg 150w, https:\/\/www.blancatec.com\/wp-content\/uploads\/2025\/06\/Gemini_Generated_Image_d142rfd142rfd142-768x768.jpeg 768w, https:\/\/www.blancatec.com\/wp-content\/uploads\/2025\/06\/Gemini_Generated_Image_d142rfd142rfd142-1536x1536.jpeg 1536w, https:\/\/www.blancatec.com\/wp-content\/uploads\/2025\/06\/Gemini_Generated_Image_d142rfd142rfd142-140x140.jpeg 140w, https:\/\/www.blancatec.com\/wp-content\/uploads\/2025\/06\/Gemini_Generated_Image_d142rfd142rfd142-100x100.jpeg 100w, https:\/\/www.blancatec.com\/wp-content\/uploads\/2025\/06\/Gemini_Generated_Image_d142rfd142rfd142-500x500.jpeg 500w, https:\/\/www.blancatec.com\/wp-content\/uploads\/2025\/06\/Gemini_Generated_Image_d142rfd142rfd142-350x350.jpeg 350w, https:\/\/www.blancatec.com\/wp-content\/uploads\/2025\/06\/Gemini_Generated_Image_d142rfd142rfd142-1000x1000.jpeg 1000w, https:\/\/www.blancatec.com\/wp-content\/uploads\/2025\/06\/Gemini_Generated_Image_d142rfd142rfd142-800x800.jpeg 800w\" sizes=\"auto, (max-width: 2048px) 100vw, 2048px\" \/>\n          <\/div>\n        <\/div>\n      <\/div>\n    <\/div>\n\t\t\t<\/div> \n\t\t<\/div>\n\t<\/div> \n<\/div><\/div>\n\t\t<div id=\"fws_69fa0ce09019d\"  data-column-margin=\"default\" data-midnight=\"dark\" data-top-percent=\"5%\" data-bottom-percent=\"5%\"  class=\"wpb_row vc_row-fluid vc_row full-width-section\"  style=\"padding-top: calc(100vw * 0.05); padding-bottom: calc(100vw * 0.05); \"><div class=\"row-bg-wrap\" data-bg-animation=\"none\" data-bg-animation-delay=\"\" data-bg-overlay=\"true\"><div class=\"inner-wrap row-bg-layer\" ><div class=\"row-bg viewport-desktop\"  style=\"\"><\/div><\/div><div class=\"row-bg-overlay row-bg-layer\" style=\"background: #e5f1ff; background: linear-gradient(to bottom,#e5f1ff 0%,#ffffff 100%);  opacity: 0.8; \"><\/div><\/div><div class=\"row_col_wrap_12 col span_12 dark left\">\n\t<div  class=\"vc_col-sm-12 wpb_column column_container vc_column_container col no-extra-padding inherit_tablet inherit_phone\"  data-padding-pos=\"all\" data-has-bg-color=\"false\" data-bg-color=\"\" data-bg-opacity=\"1\" data-animation=\"\" data-delay=\"0\" >\n\t\t<div class=\"vc_column-inner\" >\n\t\t\t<div class=\"wpb_wrapper\">\n\t\t\t\t<div id=\"fws_69fa0ce0902f6\" data-midnight=\"\" data-column-margin=\"default\" class=\"wpb_row vc_row-fluid vc_row inner_row  reverse_columns_column_tablet reverse_columns_column_phone\"  style=\"\"><div class=\"row-bg-wrap\"> <div class=\"row-bg\" ><\/div> <\/div><div class=\"row_col_wrap_12_inner col span_12  left\">\n\t<div  class=\"vc_col-sm-6 wpb_column column_container vc_column_container col child_column no-extra-padding inherit_tablet inherit_phone\"   data-padding-pos=\"all\" data-has-bg-color=\"false\" data-bg-color=\"\" data-bg-opacity=\"1\" data-animation=\"\" data-delay=\"0\" >\n\t\t<div class=\"vc_column-inner\" >\n\t\t<div class=\"wpb_wrapper\">\n\t\t\t<div class=\"nectar-badge nectar-inherit-label nectar-display-block padding-amount-small badge-style-default\"><div class=\"nectar-badge__inner nectar-bg-accent-color\">Para qui\u00e9n es<\/div><\/div>\n<div class=\"wpb_text_column wpb_content_element\" >\n\t<div class=\"wpb_wrapper\">\n\t\t<h2>\u00bfQu\u00e9 puede hacer Blancatec por mi negocio?<\/h2>\n\t<\/div>\n<\/div>\n\n\n\n<div class=\"nectar-responsive-text font_size_desktop_21px nectar-link-underline-effect\" style=\"color: #1a7fec;\"><p><strong>Para peque\u00f1as empresas, equipos remotos y aut\u00f3nomos que necesitan TI seria sin complicaciones<\/strong><\/p>\n<\/div>\n<div class=\"wpb_text_column wpb_content_element\" >\n\t<div class=\"wpb_wrapper\">\n\t\t<p>Ya sea que gestione una agencia inmobiliaria en Altea, un despacho de abogados en Benidorm o un espacio de coworking en su villa, le ayudamos a configurar y mantener una infraestructura digital s\u00f3lida y segura para que pueda centrarse en su negocio real.<\/p>\n\t<\/div>\n<\/div>\n\n\n\n<div class=\"nectar-responsive-text font_size_desktop_21px nectar-link-underline-effect\"><p><strong>Ideal para:<\/strong><\/p>\n<\/div>\n<div class=\"wpb_text_column wpb_content_element\" >\n\t<div class=\"wpb_wrapper\">\n\t\t<ul>\n<li>Pymes y empresas emergentes propiedad de expatriados<\/li>\n<li>Trabajadores remotos y n\u00f3madas digitales<\/li>\n<li>Empresas de alquiler vacacional y oficinas inmobiliarias<\/li>\n<li>Profesionales que necesitan redes de alta confiabilidad y seguridad de datos<\/li>\n<\/ul>\n\t<\/div>\n<\/div>\n\n\n\n\n\t\t<\/div> \n\t<\/div>\n\t<\/div> \n\n\t<div  class=\"vc_col-sm-6 wpb_column column_container vc_column_container col child_column no-extra-padding inherit_tablet inherit_phone\"   data-padding-pos=\"all\" data-has-bg-color=\"false\" data-bg-color=\"\" data-bg-opacity=\"1\" data-animation=\"\" data-delay=\"0\" >\n\t\t<div class=\"vc_column-inner\" >\n\t\t<div class=\"wpb_wrapper\">\n\t\t\t<div class=\"nectar-responsive-text font_size_desktop_21px nectar-link-underline-effect\"><p><strong>Lo que ofrecemos:<\/strong><\/p>\n<\/div>\n<div class=\"wpb_text_column wpb_content_element\" >\n\t<div class=\"wpb_wrapper\">\n\t\t<p><strong>Soluciones completas de TI y seguridad: adaptadas a su negocio<\/strong><\/p>\n\t<\/div>\n<\/div>\n\n\n\n\n<div class=\"wpb_text_column wpb_content_element\" >\n\t<div class=\"wpb_wrapper\">\n\t\t<p>No somos solo t\u00e9cnicos de cable. Somos solucionadores de problemas con un plan. Desde la confiabilidad de la red hasta la ciberseguridad, dise\u00f1amos sistemas que crecen con su negocio.<\/p>\n\t<\/div>\n<\/div>\n\n\n\n<div class=\"nectar-responsive-text font_size_desktop_21px nectar-link-underline-effect\"><p><strong>Nuestros servicios incluyen:<\/strong><\/p>\n<\/div>\n<div class=\"wpb_text_column wpb_content_element\" >\n\t<div class=\"wpb_wrapper\">\n\t\t<ul>\n<li><strong>Configuraci\u00f3n y mantenimiento de redes empresariales<\/strong> \u2013 Internet e intranet r\u00e1pidas y seguras<\/li>\n<li><strong>Instalaci\u00f3n profesional de hardware<\/strong> \u2013 Servidores, computadoras de escritorio, impresoras, sistemas de respaldo<\/li>\n<li><strong>Servicios de firewall y ciberseguridad<\/strong> \u2013 Proteger datos, clientes y cumplimiento normativo<\/li>\n<li><strong>Sistemas telef\u00f3nicos VoIP PBX<\/strong> \u2013 Llamadas de calidad de oficina a precios accesibles para expatriados<\/li>\n<li><strong>Gesti\u00f3n de correo electr\u00f3nico y datos<\/strong> \u2013 Configuraci\u00f3n, migraci\u00f3n y optimizaci\u00f3n de Microsoft 365<\/li>\n<\/ul>\n\t<\/div>\n<\/div>\n\n\n\n\n\t\t<\/div> \n\t<\/div>\n\t<\/div> \n<\/div><\/div>\n\t\t\t<\/div> \n\t\t<\/div>\n\t<\/div> \n<\/div><\/div>","protected":false},"excerpt":{"rendered":"Soluciones empresariales Soluciones de seguridad y TI de nivel empresarial en la Costa Blanca Dirigir un negocio en Espa\u00f1a conlleva desaf\u00edos \u00fanicos: barreras ling\u00fc\u00edsticas, configuraciones t\u00e9cnicas y b\u00fasqueda de proveedores de servicios con los que realmente pueda...","protected":false},"author":2,"featured_media":0,"parent":0,"menu_order":0,"comment_status":"closed","ping_status":"closed","template":"","meta":{"footnotes":""},"class_list":["post-19","page","type-page","status-publish"],"yoast_head":"<!-- This site is optimized with the Yoast SEO plugin v27.5 - https:\/\/yoast.com\/product\/yoast-seo-wordpress\/ -->\n<title>Business Solutions | Blancatec<\/title>\n<meta name=\"description\" content=\"Blancatec helps expat entrepreneurs, remote teams and small businesses stay connected, secure, and stress-free. In plain English.\" \/>\n<meta name=\"robots\" content=\"index, follow, max-snippet:-1, max-image-preview:large, max-video-preview:-1\" \/>\n<link rel=\"canonical\" href=\"https:\/\/www.blancatec.com\/es\/business-solutions\/\" \/>\n<meta property=\"og:locale\" content=\"es_ES\" \/>\n<meta property=\"og:type\" content=\"article\" \/>\n<meta property=\"og:title\" content=\"Business Solutions | Blancatec\" \/>\n<meta property=\"og:description\" content=\"Blancatec helps expat entrepreneurs, remote teams and small businesses stay connected, secure, and stress-free. In plain English.\" \/>\n<meta property=\"og:url\" content=\"https:\/\/www.blancatec.com\/es\/business-solutions\/\" \/>\n<meta property=\"og:site_name\" content=\"Blancatec\" \/>\n<meta property=\"article:modified_time\" content=\"2025-09-12T12:40:50+00:00\" \/>\n<meta property=\"og:image\" content=\"https:\/\/www.blancatec.com\/wp-content\/uploads\/2025\/06\/Site-image-Yoast-SEO.png\" \/>\n\t<meta property=\"og:image:width\" content=\"1200\" \/>\n\t<meta property=\"og:image:height\" content=\"675\" \/>\n\t<meta property=\"og:image:type\" content=\"image\/png\" \/>\n<meta name=\"twitter:card\" content=\"summary_large_image\" \/>\n<meta name=\"twitter:label1\" content=\"Tiempo de lectura\" \/>\n\t<meta name=\"twitter:data1\" content=\"2 minutos\" \/>\n<script type=\"application\/ld+json\" class=\"yoast-schema-graph\">{\"@context\":\"https:\\\/\\\/schema.org\",\"@graph\":[{\"@type\":\"WebPage\",\"@id\":\"https:\\\/\\\/www.blancatec.com\\\/business-solutions\\\/\",\"url\":\"https:\\\/\\\/www.blancatec.com\\\/business-solutions\\\/\",\"name\":\"Business Solutions | Blancatec\",\"isPartOf\":{\"@id\":\"https:\\\/\\\/www.blancatec.com\\\/#website\"},\"datePublished\":\"2025-06-02T12:05:58+00:00\",\"dateModified\":\"2025-09-12T12:40:50+00:00\",\"description\":\"Blancatec helps expat entrepreneurs, remote teams and small businesses stay connected, secure, and stress-free. In plain English.\",\"breadcrumb\":{\"@id\":\"https:\\\/\\\/www.blancatec.com\\\/business-solutions\\\/#breadcrumb\"},\"inLanguage\":\"es\",\"potentialAction\":[{\"@type\":\"ReadAction\",\"target\":[\"https:\\\/\\\/www.blancatec.com\\\/business-solutions\\\/\"]}]},{\"@type\":\"BreadcrumbList\",\"@id\":\"https:\\\/\\\/www.blancatec.com\\\/business-solutions\\\/#breadcrumb\",\"itemListElement\":[{\"@type\":\"ListItem\",\"position\":1,\"name\":\"Home\",\"item\":\"https:\\\/\\\/www.blancatec.com\\\/\"},{\"@type\":\"ListItem\",\"position\":2,\"name\":\"Business Solutions\"}]},{\"@type\":\"WebSite\",\"@id\":\"https:\\\/\\\/www.blancatec.com\\\/#website\",\"url\":\"https:\\\/\\\/www.blancatec.com\\\/\",\"name\":\"Blancatec\",\"description\":\"Your IT &amp; Security Partner on the Costa Blanca\",\"potentialAction\":[{\"@type\":\"SearchAction\",\"target\":{\"@type\":\"EntryPoint\",\"urlTemplate\":\"https:\\\/\\\/www.blancatec.com\\\/?s={search_term_string}\"},\"query-input\":{\"@type\":\"PropertyValueSpecification\",\"valueRequired\":true,\"valueName\":\"search_term_string\"}}],\"inLanguage\":\"es\"}]}<\/script>\n<!-- \/ Yoast SEO plugin. -->","yoast_head_json":{"title":"Business Solutions | Blancatec","description":"Blancatec helps expat entrepreneurs, remote teams and small businesses stay connected, secure, and stress-free. In plain English.","robots":{"index":"index","follow":"follow","max-snippet":"max-snippet:-1","max-image-preview":"max-image-preview:large","max-video-preview":"max-video-preview:-1"},"canonical":"https:\/\/www.blancatec.com\/es\/business-solutions\/","og_locale":"es_ES","og_type":"article","og_title":"Business Solutions | Blancatec","og_description":"Blancatec helps expat entrepreneurs, remote teams and small businesses stay connected, secure, and stress-free. In plain English.","og_url":"https:\/\/www.blancatec.com\/es\/business-solutions\/","og_site_name":"Blancatec","article_modified_time":"2025-09-12T12:40:50+00:00","og_image":[{"width":1200,"height":675,"url":"https:\/\/www.blancatec.com\/wp-content\/uploads\/2025\/06\/Site-image-Yoast-SEO.png","type":"image\/png"}],"twitter_card":"summary_large_image","twitter_misc":{"Tiempo de lectura":"2 minutos"},"schema":{"@context":"https:\/\/schema.org","@graph":[{"@type":"WebPage","@id":"https:\/\/www.blancatec.com\/business-solutions\/","url":"https:\/\/www.blancatec.com\/business-solutions\/","name":"Business Solutions | Blancatec","isPartOf":{"@id":"https:\/\/www.blancatec.com\/#website"},"datePublished":"2025-06-02T12:05:58+00:00","dateModified":"2025-09-12T12:40:50+00:00","description":"Blancatec helps expat entrepreneurs, remote teams and small businesses stay connected, secure, and stress-free. In plain English.","breadcrumb":{"@id":"https:\/\/www.blancatec.com\/business-solutions\/#breadcrumb"},"inLanguage":"es","potentialAction":[{"@type":"ReadAction","target":["https:\/\/www.blancatec.com\/business-solutions\/"]}]},{"@type":"BreadcrumbList","@id":"https:\/\/www.blancatec.com\/business-solutions\/#breadcrumb","itemListElement":[{"@type":"ListItem","position":1,"name":"Home","item":"https:\/\/www.blancatec.com\/"},{"@type":"ListItem","position":2,"name":"Business Solutions"}]},{"@type":"WebSite","@id":"https:\/\/www.blancatec.com\/#website","url":"https:\/\/www.blancatec.com\/","name":"Blancatec","description":"Your IT &amp; Security Partner on the Costa Blanca","potentialAction":[{"@type":"SearchAction","target":{"@type":"EntryPoint","urlTemplate":"https:\/\/www.blancatec.com\/?s={search_term_string}"},"query-input":{"@type":"PropertyValueSpecification","valueRequired":true,"valueName":"search_term_string"}}],"inLanguage":"es"}]}},"_links":{"self":[{"href":"https:\/\/www.blancatec.com\/es\/wp-json\/wp\/v2\/pages\/19","targetHints":{"allow":["GET"]}}],"collection":[{"href":"https:\/\/www.blancatec.com\/es\/wp-json\/wp\/v2\/pages"}],"about":[{"href":"https:\/\/www.blancatec.com\/es\/wp-json\/wp\/v2\/types\/page"}],"author":[{"embeddable":true,"href":"https:\/\/www.blancatec.com\/es\/wp-json\/wp\/v2\/users\/2"}],"replies":[{"embeddable":true,"href":"https:\/\/www.blancatec.com\/es\/wp-json\/wp\/v2\/comments?post=19"}],"version-history":[{"count":6,"href":"https:\/\/www.blancatec.com\/es\/wp-json\/wp\/v2\/pages\/19\/revisions"}],"predecessor-version":[{"id":171,"href":"https:\/\/www.blancatec.com\/es\/wp-json\/wp\/v2\/pages\/19\/revisions\/171"}],"wp:attachment":[{"href":"https:\/\/www.blancatec.com\/es\/wp-json\/wp\/v2\/media?parent=19"}],"curies":[{"name":"wp","href":"https:\/\/api.w.org\/{rel}","templated":true}]}}