{"id":21,"date":"2025-06-02T12:07:13","date_gmt":"2025-06-02T12:07:13","guid":{"rendered":"https:\/\/www.blancatec.com\/?page_id=21"},"modified":"2025-09-12T12:26:11","modified_gmt":"2025-09-12T12:26:11","slug":"about-us","status":"publish","type":"page","link":"https:\/\/www.blancatec.com\/es\/about-us\/","title":{"rendered":"Sobre nosotros"},"content":{"rendered":"<div id=\"fws_69fa0a9e28e4b\"  data-column-margin=\"default\" data-midnight=\"light\" data-top-percent=\"5%\" data-bottom-percent=\"5%\"  class=\"wpb_row vc_row-fluid vc_row full-width-section  reverse_columns_column_phone bottom_padding_phone_10pct\"  style=\"padding-top: calc(100vw * 0.05); padding-bottom: calc(100vw * 0.05); \"><div class=\"row-bg-wrap\" data-bg-animation=\"none\" data-bg-animation-delay=\"\" data-bg-overlay=\"false\"><div class=\"inner-wrap row-bg-layer\" ><div class=\"row-bg viewport-desktop using-bg-color\"  style=\"background-color: #1a7fec; \"><\/div><\/div><\/div><div class=\"row_col_wrap_12 col span_12 light left\">\n\t<div  class=\"vc_col-sm-6 wpb_column column_container vc_column_container col no-extra-padding inherit_tablet inherit_phone\"  data-padding-pos=\"all\" data-has-bg-color=\"false\" data-bg-color=\"\" data-bg-opacity=\"1\" data-animation=\"\" data-delay=\"0\" >\n\t\t<div class=\"vc_column-inner\" >\n\t\t\t<div class=\"wpb_wrapper\">\n\t\t\t\t<div class=\"nectar-badge nectar-inherit-label nectar-display-block text-color-1a7fec padding-amount-small badge-style-default\"><div class=\"nectar-badge__inner nectar-bg-extra-color-3\">Sobre nosotros<\/div><\/div>\n<div class=\"wpb_text_column wpb_content_element\" >\n\t<div class=\"wpb_wrapper\">\n\t\t<h1>Su socio tecnol\u00f3gico de confianza en Espa\u00f1a<\/h1>\n\t<\/div>\n<\/div>\n\n\n\n\n<div class=\"wpb_text_column wpb_content_element\" >\n\t<div class=\"wpb_wrapper\">\n\t\t<p>Blancatec se fund\u00f3 con una misi\u00f3n sencilla: hacer la vida m\u00e1s f\u00e1cil en Espa\u00f1a. Ya sea instalando wifi o asegurando su villa, combinamos el conocimiento local con los est\u00e1ndares internacionales y hablamos su idioma. Literalmente.<\/p>\n\t<\/div>\n<\/div>\n\n\n\n\n\t\t\t<\/div> \n\t\t<\/div>\n\t<\/div> \n\n\t<div  class=\"vc_col-sm-6 wpb_column column_container vc_column_container col no-extra-padding inherit_tablet inherit_phone border_style_solid\"  data-padding-pos=\"all\" data-has-bg-color=\"false\" data-bg-color=\"\" data-bg-opacity=\"1\" data-animation=\"\" data-delay=\"0\" >\n\t\t<div class=\"vc_column-inner\" >\n\t\t\t<div class=\"wpb_wrapper\">\n\t\t\t\t<div class=\"img-with-aniamtion-wrap center\" data-max-width=\"100%\" data-max-width-mobile=\"default\" data-border-radius=\"15px\" data-shadow=\"none\" data-animation=\"none\" >\n      <div class=\"inner\">\n        <div class=\"hover-wrap\"> \n          <div class=\"hover-wrap-inner\">\n            <img loading=\"lazy\" decoding=\"async\" class=\"img-with-animation skip-lazy\" data-delay=\"0\" height=\"2048\" width=\"2048\" data-animation=\"none\" src=\"https:\/\/www.blancatec.com\/wp-content\/uploads\/2025\/06\/Gemini_Generated_Image_j5a6xqj5a6xqj5a6.jpeg\" alt=\"Expert installing a home IT device for Blancatec\" srcset=\"https:\/\/www.blancatec.com\/wp-content\/uploads\/2025\/06\/Gemini_Generated_Image_j5a6xqj5a6xqj5a6.jpeg 2048w, https:\/\/www.blancatec.com\/wp-content\/uploads\/2025\/06\/Gemini_Generated_Image_j5a6xqj5a6xqj5a6-300x300.jpeg 300w, https:\/\/www.blancatec.com\/wp-content\/uploads\/2025\/06\/Gemini_Generated_Image_j5a6xqj5a6xqj5a6-1024x1024.jpeg 1024w, https:\/\/www.blancatec.com\/wp-content\/uploads\/2025\/06\/Gemini_Generated_Image_j5a6xqj5a6xqj5a6-150x150.jpeg 150w, https:\/\/www.blancatec.com\/wp-content\/uploads\/2025\/06\/Gemini_Generated_Image_j5a6xqj5a6xqj5a6-768x768.jpeg 768w, https:\/\/www.blancatec.com\/wp-content\/uploads\/2025\/06\/Gemini_Generated_Image_j5a6xqj5a6xqj5a6-1536x1536.jpeg 1536w, https:\/\/www.blancatec.com\/wp-content\/uploads\/2025\/06\/Gemini_Generated_Image_j5a6xqj5a6xqj5a6-140x140.jpeg 140w, https:\/\/www.blancatec.com\/wp-content\/uploads\/2025\/06\/Gemini_Generated_Image_j5a6xqj5a6xqj5a6-100x100.jpeg 100w, https:\/\/www.blancatec.com\/wp-content\/uploads\/2025\/06\/Gemini_Generated_Image_j5a6xqj5a6xqj5a6-500x500.jpeg 500w, https:\/\/www.blancatec.com\/wp-content\/uploads\/2025\/06\/Gemini_Generated_Image_j5a6xqj5a6xqj5a6-350x350.jpeg 350w, https:\/\/www.blancatec.com\/wp-content\/uploads\/2025\/06\/Gemini_Generated_Image_j5a6xqj5a6xqj5a6-1000x1000.jpeg 1000w, https:\/\/www.blancatec.com\/wp-content\/uploads\/2025\/06\/Gemini_Generated_Image_j5a6xqj5a6xqj5a6-800x800.jpeg 800w\" sizes=\"auto, (max-width: 2048px) 100vw, 2048px\" \/>\n          <\/div>\n        <\/div>\n      <\/div>\n    <\/div>\n\t\t\t<\/div> \n\t\t<\/div>\n\t<\/div> \n<\/div><\/div>\n\t\t<div id=\"fws_69fa0a9e296da\"  data-column-margin=\"default\" data-midnight=\"dark\" data-top-percent=\"5%\" data-bottom-percent=\"5%\"  class=\"wpb_row vc_row-fluid vc_row full-width-section\"  style=\"padding-top: calc(100vw * 0.05); padding-bottom: calc(100vw * 0.05); \"><div class=\"row-bg-wrap\" data-bg-animation=\"none\" data-bg-animation-delay=\"\" data-bg-overlay=\"true\"><div class=\"inner-wrap row-bg-layer\" ><div class=\"row-bg viewport-desktop\"  style=\"\"><\/div><\/div><div class=\"row-bg-overlay row-bg-layer\" style=\"background: #e5f1ff; background: linear-gradient(to bottom,#e5f1ff 0%,#ffffff 100%);  opacity: 0.8; \"><\/div><\/div><div class=\"row_col_wrap_12 col span_12 dark left\">\n\t<div  class=\"vc_col-sm-12 wpb_column column_container vc_column_container col no-extra-padding inherit_tablet inherit_phone\"  data-padding-pos=\"all\" data-has-bg-color=\"false\" data-bg-color=\"\" data-bg-opacity=\"1\" data-animation=\"\" data-delay=\"0\" >\n\t\t<div class=\"vc_column-inner\" >\n\t\t\t<div class=\"wpb_wrapper\">\n\t\t\t\t<div id=\"fws_69fa0a9e29870\" data-midnight=\"\" data-column-margin=\"default\" class=\"wpb_row vc_row-fluid vc_row inner_row  reverse_columns_column_tablet reverse_columns_column_phone\"  style=\"\"><div class=\"row-bg-wrap\"> <div class=\"row-bg\" ><\/div> <\/div><div class=\"row_col_wrap_12_inner col span_12  left\">\n\t<div  class=\"vc_col-sm-6 wpb_column column_container vc_column_container col child_column no-extra-padding inherit_tablet inherit_phone\"   data-padding-pos=\"all\" data-has-bg-color=\"false\" data-bg-color=\"\" data-bg-opacity=\"1\" data-animation=\"\" data-delay=\"0\" >\n\t\t<div class=\"vc_column-inner\" >\n\t\t<div class=\"wpb_wrapper\">\n\t\t\t<div class=\"nectar-badge nectar-inherit-label nectar-display-block padding-amount-small badge-style-default\"><div class=\"nectar-badge__inner nectar-bg-accent-color\">\u00bfPor qu\u00e9 empezamos?<\/div><\/div>\n<div class=\"wpb_text_column wpb_content_element\" >\n\t<div class=\"wpb_wrapper\">\n\t\t<h2>Porque todos merecen un servicio claro y confiable, sin conjeturas<\/h2>\n\t<\/div>\n<\/div>\n\n\n\n\n<div class=\"wpb_text_column wpb_content_element\" >\n\t<div class=\"wpb_wrapper\">\n\t\t<p>Vimos a demasiadas personas lidiando con proveedores de servicios poco claros, malentendidos t\u00e9cnicos e instalaciones excesivamente complejas. Por eso, creamos una empresa que soluciona este problema. Comunicaci\u00f3n clara. Servicio r\u00e1pido. Soluciones inteligentes.<\/p>\n\t<\/div>\n<\/div>\n\n\n\n\n<div class=\"wpb_text_column wpb_content_element\" >\n\t<div class=\"wpb_wrapper\">\n\t\t<blockquote><p>\n\u201cConstruimos la empresa que nos hubiera gustado tener cuando nos mudamos a Espa\u00f1a\u201d.\n<\/p><\/blockquote>\n\t<\/div>\n<\/div>\n\n\n\n\n\t\t<\/div> \n\t<\/div>\n\t<\/div> \n\n\t<div  class=\"vc_col-sm-6 wpb_column column_container vc_column_container col child_column no-extra-padding inherit_tablet inherit_phone\"   data-padding-pos=\"all\" data-has-bg-color=\"false\" data-bg-color=\"\" data-bg-opacity=\"1\" data-animation=\"\" data-delay=\"0\" >\n\t\t<div class=\"vc_column-inner\" >\n\t\t<div class=\"wpb_wrapper\">\n\t\t\t\n\t\t<\/div> \n\t<\/div>\n\t<\/div> \n<\/div><\/div>\n\t\t\t<\/div> \n\t\t<\/div>\n\t<\/div> \n<\/div><\/div>\n\t\t<div id=\"fws_69fa0a9e29b83\"  data-column-margin=\"default\" data-midnight=\"dark\" data-top-percent=\"5%\" data-bottom-percent=\"5%\"  class=\"wpb_row vc_row-fluid vc_row full-width-section\"  style=\"padding-top: calc(100vw * 0.05); padding-bottom: calc(100vw * 0.05); \"><div class=\"row-bg-wrap\" data-bg-animation=\"none\" data-bg-animation-delay=\"\" data-bg-overlay=\"true\"><div class=\"inner-wrap row-bg-layer\" ><div class=\"row-bg viewport-desktop\"  style=\"\"><\/div><\/div><div class=\"row-bg-overlay row-bg-layer\" style=\"background: #e5f1ff; background: linear-gradient(to bottom,#e5f1ff 0%,#ffffff 100%);  opacity: 0.8; \"><\/div><\/div><div class=\"row_col_wrap_12 col span_12 dark left\">\n\t<div  class=\"vc_col-sm-12 wpb_column column_container vc_column_container col no-extra-padding inherit_tablet inherit_phone\"  data-padding-pos=\"all\" data-has-bg-color=\"false\" data-bg-color=\"\" data-bg-opacity=\"1\" data-animation=\"\" data-delay=\"0\" >\n\t\t<div class=\"vc_column-inner\" >\n\t\t\t<div class=\"wpb_wrapper\">\n\t\t\t\t<div id=\"fws_69fa0a9e29cc5\" data-midnight=\"\" data-column-margin=\"default\" class=\"wpb_row vc_row-fluid vc_row inner_row  reverse_columns_column_tablet reverse_columns_column_phone\"  style=\"\"><div class=\"row-bg-wrap\"> <div class=\"row-bg\" ><\/div> <\/div><div class=\"row_col_wrap_12_inner col span_12  left\">\n\t<div  class=\"vc_col-sm-6 wpb_column column_container vc_column_container col child_column no-extra-padding inherit_tablet inherit_phone\"   data-padding-pos=\"all\" data-has-bg-color=\"false\" data-bg-color=\"\" data-bg-opacity=\"1\" data-animation=\"\" data-delay=\"0\" >\n\t\t<div class=\"vc_column-inner\" >\n\t\t<div class=\"wpb_wrapper\">\n\t\t\t<div class=\"nectar-badge nectar-inherit-label nectar-display-block padding-amount-small badge-style-default\"><div class=\"nectar-badge__inner nectar-bg-accent-color\">quienes somos<\/div><\/div>\n<div class=\"wpb_text_column wpb_content_element\" >\n\t<div class=\"wpb_wrapper\">\n\t\t<h2>Conozca al equipo<\/h2>\n\t<\/div>\n<\/div>\n\n\n\n\n<div class=\"wpb_text_column wpb_content_element\" >\n\t<div class=\"wpb_wrapper\">\n\t\t<p>Somos profesionales locales que vivimos donde usted vive: en la Costa Blanca. Esto significa que conocemos la infraestructura local, hablamos su idioma y estamos presentes cuando nos necesita. Nos gusta resolver problemas, explicar las cosas con claridad y hacer las cosas bien a la primera.<\/p>\n<ul>\n<li>T\u00e9cnicos amables y certificados<\/li>\n<li>Hablantes nativos de holand\u00e9s, ingl\u00e9s y espa\u00f1ol.<\/li>\n<li>Siempre localizable<\/li>\n<\/ul>\n\t<\/div>\n<\/div>\n\n\n\n\n<div class=\"wpb_text_column wpb_content_element\" >\n\t<div class=\"wpb_wrapper\">\n\t\t<blockquote><p>\nAyudamos a las personas a sentirse establecidas, no s\u00f3lo conectadas.\n<\/p><\/blockquote>\n\t<\/div>\n<\/div>\n\n\n\n<div class=\"img-with-aniamtion-wrap\" data-max-width=\"100%\" data-max-width-mobile=\"default\" data-shadow=\"none\" data-animation=\"none\" >\n      <div class=\"inner\">\n        <div class=\"hover-wrap\"> \n          <div class=\"hover-wrap-inner\">\n            <img loading=\"lazy\" decoding=\"async\" class=\"img-with-animation skip-lazy\" data-delay=\"0\" height=\"21\" width=\"76\" data-animation=\"none\" src=\"https:\/\/www.blancatec.com\/wp-content\/uploads\/2025\/06\/Martijn-signature.png\" alt=\"Martijn-signature\"  \/>\n          <\/div>\n        <\/div>\n      <\/div>\n    <\/div>\n<div class=\"wpb_text_column wpb_content_element\" >\n\t<div class=\"wpb_wrapper\">\n\t\t<p>Propietario \u2013 Blancatec<\/p>\n\t<\/div>\n<\/div>\n\n\n\n\n\t\t<\/div> \n\t<\/div>\n\t<\/div> \n\n\t<div  class=\"vc_col-sm-6 wpb_column column_container vc_column_container col child_column no-extra-padding inherit_tablet inherit_phone\"   data-padding-pos=\"all\" data-has-bg-color=\"false\" data-bg-color=\"\" data-bg-opacity=\"1\" data-animation=\"\" data-delay=\"0\" >\n\t\t<div class=\"vc_column-inner\" >\n\t\t<div class=\"wpb_wrapper\">\n\t\t\t<div class=\"img-with-aniamtion-wrap\" data-max-width=\"100%\" data-max-width-mobile=\"default\" data-border-radius=\"15px\" data-shadow=\"none\" data-animation=\"none\" >\n      <div class=\"inner\">\n        <div class=\"hover-wrap\"> \n          <div class=\"hover-wrap-inner\">\n            <img loading=\"lazy\" decoding=\"async\" class=\"img-with-animation skip-lazy\" data-delay=\"0\" height=\"464\" width=\"504\" data-animation=\"none\" src=\"https:\/\/www.blancatec.com\/wp-content\/uploads\/2025\/06\/blancatec-Martijn.png\" alt=\"Martijn van Blancatec aan het werk in een horecazaak aan de costa blanca\" srcset=\"https:\/\/www.blancatec.com\/wp-content\/uploads\/2025\/06\/blancatec-Martijn.png 504w, https:\/\/www.blancatec.com\/wp-content\/uploads\/2025\/06\/blancatec-Martijn-300x276.png 300w\" sizes=\"auto, (max-width: 504px) 100vw, 504px\" \/>\n          <\/div>\n        <\/div>\n      <\/div>\n    <\/div>\n\t\t<\/div> \n\t<\/div>\n\t<\/div> \n<\/div><\/div>\n\t\t\t<\/div> \n\t\t<\/div>\n\t<\/div> \n<\/div><\/div>\n\t\t<div id=\"fws_69fa0a9e2a45e\"  data-column-margin=\"default\" data-midnight=\"dark\" data-top-percent=\"5%\" data-bottom-percent=\"5%\"  class=\"wpb_row vc_row-fluid vc_row full-width-section\"  style=\"padding-top: calc(100vw * 0.05); padding-bottom: calc(100vw * 0.05); \"><div class=\"row-bg-wrap\" data-bg-animation=\"none\" data-bg-animation-delay=\"\" data-bg-overlay=\"false\"><div class=\"inner-wrap row-bg-layer\" ><div class=\"row-bg viewport-desktop\"  style=\"\"><\/div><\/div><\/div><div class=\"row_col_wrap_12 col span_12 dark left\">\n\t<div  class=\"vc_col-sm-12 wpb_column column_container vc_column_container col no-extra-padding inherit_tablet inherit_phone\"  data-padding-pos=\"all\" data-has-bg-color=\"false\" data-bg-color=\"\" data-bg-opacity=\"1\" data-animation=\"\" data-delay=\"0\" >\n\t\t<div class=\"vc_column-inner\" >\n\t\t\t<div class=\"wpb_wrapper\">\n\t\t\t\t<div id=\"fws_69fa0a9e2a51e\" data-midnight=\"\" data-column-margin=\"default\" class=\"wpb_row vc_row-fluid vc_row inner_row\"  style=\"\"><div class=\"row-bg-wrap\"> <div class=\"row-bg\" ><\/div> <\/div><div class=\"row_col_wrap_12_inner col span_12  left\">\n\t<div  class=\"vc_col-sm-6 wpb_column column_container vc_column_container col child_column no-extra-padding inherit_tablet inherit_phone\"   data-padding-pos=\"all\" data-has-bg-color=\"false\" data-bg-color=\"\" data-bg-opacity=\"1\" data-animation=\"\" data-delay=\"0\" >\n\t\t<div class=\"vc_column-inner\" >\n\t\t<div class=\"wpb_wrapper\">\n\t\t\t<div class=\"img-with-aniamtion-wrap\" data-max-width=\"100%\" data-max-width-mobile=\"default\" data-border-radius=\"15px\" data-shadow=\"none\" data-animation=\"none\" >\n      <div class=\"inner\">\n        <div class=\"hover-wrap\"> \n          <div class=\"hover-wrap-inner\">\n            <img loading=\"lazy\" decoding=\"async\" class=\"img-with-animation skip-lazy\" data-delay=\"0\" height=\"496\" width=\"552\" data-animation=\"none\" src=\"https:\/\/www.blancatec.com\/wp-content\/uploads\/2025\/06\/Blancatec-operating-areas.png\" alt=\"Blancatec operating areas\" srcset=\"https:\/\/www.blancatec.com\/wp-content\/uploads\/2025\/06\/Blancatec-operating-areas.png 552w, https:\/\/www.blancatec.com\/wp-content\/uploads\/2025\/06\/Blancatec-operating-areas-300x270.png 300w\" sizes=\"auto, (max-width: 552px) 100vw, 552px\" \/>\n          <\/div>\n        <\/div>\n      <\/div>\n    <\/div>\n\t\t<\/div> \n\t<\/div>\n\t<\/div> \n\n\t<div  class=\"vc_col-sm-6 wpb_column column_container vc_column_container col child_column no-extra-padding inherit_tablet inherit_phone\"   data-padding-pos=\"all\" data-has-bg-color=\"false\" data-bg-color=\"\" data-bg-opacity=\"1\" data-animation=\"\" data-delay=\"0\" >\n\t\t<div class=\"vc_column-inner\" >\n\t\t<div class=\"wpb_wrapper\">\n\t\t\t<div class=\"nectar-badge nectar-inherit-label nectar-display-block padding-amount-small badge-style-default\"><div class=\"nectar-badge__inner nectar-bg-accent-color\">D\u00f3nde operamos<\/div><\/div>\n<div class=\"wpb_text_column wpb_content_element\" >\n\t<div class=\"wpb_wrapper\">\n\t\t<h2>Con sede en la Costa Blanca \u2013 Siempre cerca<\/h2>\n\t<\/div>\n<\/div>\n\n\n\n\n<div class=\"wpb_text_column wpb_content_element\" >\n\t<div class=\"wpb_wrapper\">\n\t\t<p>Nuestro equipo est\u00e1 activo en toda la regi\u00f3n. Prestamos servicio en Alicante, Benidorm, Altea, Torrevieja y alrededores. Somos locales y llegamos r\u00e1pido.<\/p>\n\t<\/div>\n<\/div>\n\n\n\n\n\t\t<\/div> \n\t<\/div>\n\t<\/div> \n<\/div><\/div>\n\t\t\t<\/div> \n\t\t<\/div>\n\t<\/div> \n<\/div><\/div>","protected":false},"excerpt":{"rendered":"Sobre nosotros. Su socio tecnol\u00f3gico de confianza en Espa\u00f1a. Blancatec se fund\u00f3 con una misi\u00f3n sencilla: simplificar la vida en Espa\u00f1a. Ya sea instalando wifi o protegiendo su villa,...","protected":false},"author":2,"featured_media":0,"parent":0,"menu_order":0,"comment_status":"closed","ping_status":"closed","template":"","meta":{"footnotes":""},"class_list":["post-21","page","type-page","status-publish"],"yoast_head":"<!-- This site is optimized with the Yoast SEO plugin v27.5 - https:\/\/yoast.com\/product\/yoast-seo-wordpress\/ -->\n<title>About Us | Blancatec<\/title>\n<meta name=\"description\" content=\"We\u2019re IT professionals who live on the Costa Blanca. That means we know the local infrastructure, speak your language, and show up when you need us.\" \/>\n<meta name=\"robots\" content=\"index, follow, max-snippet:-1, max-image-preview:large, max-video-preview:-1\" \/>\n<link rel=\"canonical\" href=\"https:\/\/www.blancatec.com\/es\/about-us\/\" \/>\n<meta property=\"og:locale\" content=\"es_ES\" \/>\n<meta property=\"og:type\" content=\"article\" \/>\n<meta property=\"og:title\" content=\"About Us | Blancatec\" \/>\n<meta property=\"og:description\" content=\"We\u2019re IT professionals who live on the Costa Blanca. That means we know the local infrastructure, speak your language, and show up when you need us.\" \/>\n<meta property=\"og:url\" content=\"https:\/\/www.blancatec.com\/es\/about-us\/\" \/>\n<meta property=\"og:site_name\" content=\"Blancatec\" \/>\n<meta property=\"article:modified_time\" content=\"2025-09-12T12:26:11+00:00\" \/>\n<meta property=\"og:image\" content=\"https:\/\/www.blancatec.com\/wp-content\/uploads\/2025\/06\/Site-image-Yoast-SEO.png\" \/>\n\t<meta property=\"og:image:width\" content=\"1200\" \/>\n\t<meta property=\"og:image:height\" content=\"675\" \/>\n\t<meta property=\"og:image:type\" content=\"image\/png\" \/>\n<meta name=\"twitter:card\" content=\"summary_large_image\" \/>\n<meta name=\"twitter:label1\" content=\"Tiempo de lectura\" \/>\n\t<meta name=\"twitter:data1\" content=\"2 minutos\" \/>\n<script type=\"application\/ld+json\" class=\"yoast-schema-graph\">{\"@context\":\"https:\\\/\\\/schema.org\",\"@graph\":[{\"@type\":\"WebPage\",\"@id\":\"https:\\\/\\\/www.blancatec.com\\\/about-us\\\/\",\"url\":\"https:\\\/\\\/www.blancatec.com\\\/about-us\\\/\",\"name\":\"About Us | Blancatec\",\"isPartOf\":{\"@id\":\"https:\\\/\\\/www.blancatec.com\\\/#website\"},\"datePublished\":\"2025-06-02T12:07:13+00:00\",\"dateModified\":\"2025-09-12T12:26:11+00:00\",\"description\":\"We\u2019re IT professionals who live on the Costa Blanca. That means we know the local infrastructure, speak your language, and show up when you need us.\",\"breadcrumb\":{\"@id\":\"https:\\\/\\\/www.blancatec.com\\\/about-us\\\/#breadcrumb\"},\"inLanguage\":\"es\",\"potentialAction\":[{\"@type\":\"ReadAction\",\"target\":[\"https:\\\/\\\/www.blancatec.com\\\/about-us\\\/\"]}]},{\"@type\":\"BreadcrumbList\",\"@id\":\"https:\\\/\\\/www.blancatec.com\\\/about-us\\\/#breadcrumb\",\"itemListElement\":[{\"@type\":\"ListItem\",\"position\":1,\"name\":\"Home\",\"item\":\"https:\\\/\\\/www.blancatec.com\\\/\"},{\"@type\":\"ListItem\",\"position\":2,\"name\":\"About Us\"}]},{\"@type\":\"WebSite\",\"@id\":\"https:\\\/\\\/www.blancatec.com\\\/#website\",\"url\":\"https:\\\/\\\/www.blancatec.com\\\/\",\"name\":\"Blancatec\",\"description\":\"Your IT &amp; Security Partner on the Costa Blanca\",\"potentialAction\":[{\"@type\":\"SearchAction\",\"target\":{\"@type\":\"EntryPoint\",\"urlTemplate\":\"https:\\\/\\\/www.blancatec.com\\\/?s={search_term_string}\"},\"query-input\":{\"@type\":\"PropertyValueSpecification\",\"valueRequired\":true,\"valueName\":\"search_term_string\"}}],\"inLanguage\":\"es\"}]}<\/script>\n<!-- \/ Yoast SEO plugin. -->","yoast_head_json":{"title":"About Us | Blancatec","description":"We\u2019re IT professionals who live on the Costa Blanca. That means we know the local infrastructure, speak your language, and show up when you need us.","robots":{"index":"index","follow":"follow","max-snippet":"max-snippet:-1","max-image-preview":"max-image-preview:large","max-video-preview":"max-video-preview:-1"},"canonical":"https:\/\/www.blancatec.com\/es\/about-us\/","og_locale":"es_ES","og_type":"article","og_title":"About Us | Blancatec","og_description":"We\u2019re IT professionals who live on the Costa Blanca. That means we know the local infrastructure, speak your language, and show up when you need us.","og_url":"https:\/\/www.blancatec.com\/es\/about-us\/","og_site_name":"Blancatec","article_modified_time":"2025-09-12T12:26:11+00:00","og_image":[{"width":1200,"height":675,"url":"https:\/\/www.blancatec.com\/wp-content\/uploads\/2025\/06\/Site-image-Yoast-SEO.png","type":"image\/png"}],"twitter_card":"summary_large_image","twitter_misc":{"Tiempo de lectura":"2 minutos"},"schema":{"@context":"https:\/\/schema.org","@graph":[{"@type":"WebPage","@id":"https:\/\/www.blancatec.com\/about-us\/","url":"https:\/\/www.blancatec.com\/about-us\/","name":"About Us | Blancatec","isPartOf":{"@id":"https:\/\/www.blancatec.com\/#website"},"datePublished":"2025-06-02T12:07:13+00:00","dateModified":"2025-09-12T12:26:11+00:00","description":"We\u2019re IT professionals who live on the Costa Blanca. That means we know the local infrastructure, speak your language, and show up when you need us.","breadcrumb":{"@id":"https:\/\/www.blancatec.com\/about-us\/#breadcrumb"},"inLanguage":"es","potentialAction":[{"@type":"ReadAction","target":["https:\/\/www.blancatec.com\/about-us\/"]}]},{"@type":"BreadcrumbList","@id":"https:\/\/www.blancatec.com\/about-us\/#breadcrumb","itemListElement":[{"@type":"ListItem","position":1,"name":"Home","item":"https:\/\/www.blancatec.com\/"},{"@type":"ListItem","position":2,"name":"About Us"}]},{"@type":"WebSite","@id":"https:\/\/www.blancatec.com\/#website","url":"https:\/\/www.blancatec.com\/","name":"Blancatec","description":"Your IT &amp; Security Partner on the Costa Blanca","potentialAction":[{"@type":"SearchAction","target":{"@type":"EntryPoint","urlTemplate":"https:\/\/www.blancatec.com\/?s={search_term_string}"},"query-input":{"@type":"PropertyValueSpecification","valueRequired":true,"valueName":"search_term_string"}}],"inLanguage":"es"}]}},"_links":{"self":[{"href":"https:\/\/www.blancatec.com\/es\/wp-json\/wp\/v2\/pages\/21","targetHints":{"allow":["GET"]}}],"collection":[{"href":"https:\/\/www.blancatec.com\/es\/wp-json\/wp\/v2\/pages"}],"about":[{"href":"https:\/\/www.blancatec.com\/es\/wp-json\/wp\/v2\/types\/page"}],"author":[{"embeddable":true,"href":"https:\/\/www.blancatec.com\/es\/wp-json\/wp\/v2\/users\/2"}],"replies":[{"embeddable":true,"href":"https:\/\/www.blancatec.com\/es\/wp-json\/wp\/v2\/comments?post=21"}],"version-history":[{"count":7,"href":"https:\/\/www.blancatec.com\/es\/wp-json\/wp\/v2\/pages\/21\/revisions"}],"predecessor-version":[{"id":169,"href":"https:\/\/www.blancatec.com\/es\/wp-json\/wp\/v2\/pages\/21\/revisions\/169"}],"wp:attachment":[{"href":"https:\/\/www.blancatec.com\/es\/wp-json\/wp\/v2\/media?parent=21"}],"curies":[{"name":"wp","href":"https:\/\/api.w.org\/{rel}","templated":true}]}}