{"id":23,"date":"2025-06-02T12:07:59","date_gmt":"2025-06-02T12:07:59","guid":{"rendered":"https:\/\/www.blancatec.com\/?page_id=23"},"modified":"2025-06-02T20:27:58","modified_gmt":"2025-06-02T20:27:58","slug":"faq","status":"publish","type":"page","link":"https:\/\/www.blancatec.com\/es\/faq\/","title":{"rendered":"FAQ"},"content":{"rendered":"<div id=\"fws_69fa099f7da5f\"  data-column-margin=\"default\" data-midnight=\"light\" data-top-percent=\"5%\" data-bottom-percent=\"5%\"  class=\"wpb_row vc_row-fluid vc_row full-width-section  reverse_columns_column_phone bottom_padding_phone_10pct\"  style=\"padding-top: calc(100vw * 0.05); padding-bottom: calc(100vw * 0.05); \"><div class=\"row-bg-wrap\" data-bg-animation=\"none\" data-bg-animation-delay=\"\" data-bg-overlay=\"false\"><div class=\"inner-wrap row-bg-layer\" ><div class=\"row-bg viewport-desktop using-bg-color\"  style=\"background-color: #1a7fec; \"><\/div><\/div><\/div><div class=\"row_col_wrap_12 col span_12 light left\">\n\t<div  class=\"vc_col-sm-6 wpb_column column_container vc_column_container col no-extra-padding inherit_tablet inherit_phone\"  data-padding-pos=\"all\" data-has-bg-color=\"false\" data-bg-color=\"\" data-bg-opacity=\"1\" data-animation=\"\" data-delay=\"0\" >\n\t\t<div class=\"vc_column-inner\" >\n\t\t\t<div class=\"wpb_wrapper\">\n\t\t\t\t<div class=\"nectar-badge nectar-inherit-label nectar-display-block text-color-1a7fec padding-amount-small badge-style-default\"><div class=\"nectar-badge__inner nectar-bg-extra-color-3\">FAQ<\/div><\/div>\n<div class=\"wpb_text_column wpb_content_element\" >\n\t<div class=\"wpb_wrapper\">\n\t\t<h1>Preguntas frecuentes<\/h1>\n\t<\/div>\n<\/div>\n\n\n\n\n\t\t\t<\/div> \n\t\t<\/div>\n\t<\/div> \n\n\t<div  class=\"vc_col-sm-6 wpb_column column_container vc_column_container col no-extra-padding inherit_tablet inherit_phone\"  data-padding-pos=\"all\" data-has-bg-color=\"false\" data-bg-color=\"\" data-bg-opacity=\"1\" data-animation=\"\" data-delay=\"0\" >\n\t\t<div class=\"vc_column-inner\" >\n\t\t\t<div class=\"wpb_wrapper\">\n\t\t\t\t\n\t\t\t<\/div> \n\t\t<\/div>\n\t<\/div> \n<\/div><\/div>\n\t\t<div id=\"fws_69fa099f7dd9c\"  data-column-margin=\"default\" data-midnight=\"dark\" data-top-percent=\"3%\" data-bottom-percent=\"2%\"  class=\"wpb_row vc_row-fluid vc_row\"  style=\"padding-top: calc(100vw * 0.03); padding-bottom: calc(100vw * 0.02); \"><div class=\"row-bg-wrap\" data-bg-animation=\"none\" data-bg-animation-delay=\"\" data-bg-overlay=\"false\"><div class=\"inner-wrap row-bg-layer\" ><div class=\"row-bg viewport-desktop\"  style=\"\"><\/div><\/div><\/div><div class=\"row_col_wrap_12 col span_12 dark left\">\n\t<div  class=\"vc_col-sm-8 wpb_column column_container vc_column_container col no-extra-padding inherit_tablet inherit_phone\"  data-padding-pos=\"all\" data-has-bg-color=\"false\" data-bg-color=\"\" data-bg-opacity=\"1\" data-animation=\"\" data-delay=\"0\" >\n\t\t<div class=\"vc_column-inner\" >\n\t\t\t<div class=\"wpb_wrapper\">\n\t\t\t\t\n<div class=\"wpb_text_column wpb_content_element\" >\n\t<div class=\"wpb_wrapper\">\n\t\t<p>Si te preguntas c\u00f3mo configurar el wifi en tu villa espa\u00f1ola o qu\u00e9 sistema de alarma funciona mejor en la Costa Blanca, en Blancatec tenemos las respuestas. A continuaci\u00f3n, encontrar\u00e1s las preguntas m\u00e1s frecuentes que recibimos de expatriados de toda la regi\u00f3n.<\/p>\n\t<\/div>\n<\/div>\n\n\n\n\n<div class=\"wpb_text_column wpb_content_element\" >\n\t<div class=\"wpb_wrapper\">\n\t\t<blockquote><p>\n\u00bfA\u00fan tienes preguntas? <a href=\"https:\/\/www.blancatec.com\/es\/contact\/\">Cont\u00e1ctanos ahora<\/a> para una respuesta personal.\n<\/p><\/blockquote>\n\t<\/div>\n<\/div>\n\n\n\n\n\t\t\t<\/div> \n\t\t<\/div>\n\t<\/div> \n\n\t<div  class=\"vc_col-sm-4 wpb_column column_container vc_column_container col no-extra-padding inherit_tablet inherit_phone\"  data-padding-pos=\"all\" data-has-bg-color=\"false\" data-bg-color=\"\" data-bg-opacity=\"1\" data-animation=\"\" data-delay=\"0\" >\n\t\t<div class=\"vc_column-inner\" >\n\t\t\t<div class=\"wpb_wrapper\">\n\t\t\t\t\n\t\t\t<\/div> \n\t\t<\/div>\n\t<\/div> \n<\/div><\/div>\n\t\t<div id=\"fws_69fa099f7df45\"  data-column-margin=\"default\" data-midnight=\"dark\"  class=\"wpb_row vc_row-fluid vc_row\"  style=\"padding-top: 0px; padding-bottom: 0px; \"><div class=\"row-bg-wrap\" data-bg-animation=\"none\" data-bg-animation-delay=\"\" data-bg-overlay=\"false\"><div class=\"inner-wrap row-bg-layer\" ><div class=\"row-bg viewport-desktop\"  style=\"\"><\/div><\/div><\/div><div class=\"row_col_wrap_12 col span_12 dark left\">\n\t<div  class=\"vc_col-sm-12 wpb_column column_container vc_column_container col no-extra-padding inherit_tablet inherit_phone\"  data-padding-pos=\"all\" data-has-bg-color=\"false\" data-bg-color=\"\" data-bg-opacity=\"1\" data-animation=\"\" data-delay=\"0\" >\n\t\t<div class=\"vc_column-inner\" >\n\t\t\t<div class=\"wpb_wrapper\">\n\t\t\t\t<div class=\"divider-wrap\" data-alignment=\"default\"><div style=\"margin-top: 8px; height: 1px; margin-bottom: 8px;\" data-width=\"100%\" data-animate=\"\" data-animation-delay=\"\" data-color=\"default\" class=\"divider-border\"><\/div><\/div>\n\t\t\t<\/div> \n\t\t<\/div>\n\t<\/div> \n<\/div><\/div>\n\t\t<div id=\"fws_69fa099f7e061\"  data-column-margin=\"default\" data-midnight=\"dark\" data-bottom-percent=\"5%\"  class=\"wpb_row vc_row-fluid vc_row full-width-section parallax_section zindex-set\"  style=\"padding-top: 0px; padding-bottom: calc(100vw * 0.05);  z-index: 10;\"><div class=\"row-bg-wrap\" data-bg-animation=\"none\" data-bg-animation-delay=\"\" data-bg-overlay=\"false\"><div class=\"inner-wrap row-bg-layer\" ><div class=\"row-bg viewport-desktop using-bg-color\" data-parallax-speed=\"fast\" style=\"background-color: #ffffff; \"><\/div><\/div><\/div><div class=\"row_col_wrap_12 col span_12 dark left\">\n\t<div  class=\"vc_col-sm-12 wpb_column column_container vc_column_container col no-extra-padding inherit_tablet inherit_phone\"  data-padding-pos=\"right\" data-has-bg-color=\"false\" data-bg-color=\"\" data-bg-opacity=\"1\" data-animation=\"\" data-delay=\"0\" >\n\t\t<div class=\"vc_column-inner\" >\n\t\t\t<div class=\"wpb_wrapper\">\n\t\t\t\t<div class=\"toggles accordion\" data-br=\"\" data-starting=\"default\" data-style=\"minimal\"><div class=\"toggle default\" data-inner-wrap=\"true\"><h3 class=\"toggle-title\"><a href=\"#\" role=\"button\" class=\"nectar-inherit-h3 toggle-heading\"><i role=\"presentation\" class=\"fa fa-plus-circle\"><\/i>\u00bfDonde operas?<\/a><\/h3><div><div class=\"inner-toggle-wrap\">\n<div class=\"wpb_text_column wpb_content_element\" style=\" max-width: 800px; display: inline-block;\">\n\t<div class=\"wpb_wrapper\">\n\t\t<p>Atendemos a clientes en toda la Costa Blanca, incluyendo:<\/p>\n<ul>\n<li>Alicante<\/li>\n<li>Benidorm<\/li>\n<li>Altea<\/li>\n<li>Torrevieja<\/li>\n<li>Calpe<\/li>\n<li>Moraira<\/li>\n<li>J\u00e1vea<\/li>\n<li>La Nucia<\/li>\n<li>El Campello<\/li>\n<li>Villajoyosa<\/li>\n<\/ul>\n<p>\u00bfNo est\u00e1s seguro de si est\u00e1s en nuestra \u00e1rea? <a href=\"https:\/\/www.blancatec.com\/es\/contact\/\">Ponte en contacto con nosotros<\/a> y te lo haremos saber.<\/p>\n\t<\/div>\n<\/div>\n\n\n\n<\/div><\/div><\/div><div class=\"toggle default\" data-inner-wrap=\"true\"><h3 class=\"toggle-title\"><a href=\"#\" role=\"button\" class=\"nectar-inherit-h3 toggle-heading\"><i role=\"presentation\" class=\"fa fa-plus-circle\"><\/i>\u00bfQu\u00e9 servicios TI ofrece?<\/a><\/h3><div><div class=\"inner-toggle-wrap\">\n<div class=\"wpb_text_column wpb_content_element\" style=\" max-width: 800px; display: inline-block;\">\n\t<div class=\"wpb_wrapper\">\n\t\t<p>Cubrimos todo, desde configuraciones b\u00e1sicas del hogar hasta infraestructura empresarial avanzada:<\/p>\n<ul>\n<li>Instalaci\u00f3n de Wi-Fi y amplificaci\u00f3n de se\u00f1al<\/li>\n<li>Configuraci\u00f3n de impresoras y dispositivos<\/li>\n<li>Configuraci\u00f3n de casa inteligente<\/li>\n<li>C\u00e1maras IP y videovigilancia<\/li>\n<li>Soluci\u00f3n de problemas y soporte t\u00e9cnico<\/li>\n<li>Dise\u00f1o y mantenimiento de redes para empresas<\/li>\n<li>Configuraci\u00f3n de correo electr\u00f3nico, copia de seguridad y migraci\u00f3n a Microsoft 365<\/li>\n<\/ul>\n\t<\/div>\n<\/div>\n\n\n\n<\/div><\/div><\/div><div class=\"toggle default\" data-inner-wrap=\"true\"><h3 class=\"toggle-title\"><a href=\"#\" role=\"button\" class=\"nectar-inherit-h3 toggle-heading\"><i role=\"presentation\" class=\"fa fa-plus-circle\"><\/i>\u00bfQu\u00e9 tipo de sistemas de seguridad instalais?<\/a><\/h3><div><div class=\"inner-toggle-wrap\">\n<div class=\"wpb_text_column wpb_content_element\" style=\" max-width: 800px; display: inline-block;\">\n\t<div class=\"wpb_wrapper\">\n\t\t<p>Ofrecemos seguridad de alto rendimiento dise\u00f1ada para expatriados:<\/p>\n<ul>\n<li>Sistemas de alarma inteligentes con acceso remoto<\/li>\n<li>C\u00e1maras de vigilancia IP con visi\u00f3n nocturna<\/li>\n<li>Monitoreo 24\/7 con respuesta policial directa<\/li>\n<li>Sistemas a prueba de manipulaciones que funcionan durante cortes de energ\u00eda o de Internet<\/li>\n<\/ul>\n<p>Todos los sistemas se explican en ingl\u00e9s y son instalados por profesionales locales de confianza.<\/p>\n\t<\/div>\n<\/div>\n\n\n\n<\/div><\/div><\/div><div class=\"toggle default\" data-inner-wrap=\"true\"><h3 class=\"toggle-title\"><a href=\"#\" role=\"button\" class=\"nectar-inherit-h3 toggle-heading\"><i role=\"presentation\" class=\"fa fa-plus-circle\"><\/i>\u00bfQu\u00e9 tipo de sistemas de seguridad instalais?<\/a><\/h3><div><div class=\"inner-toggle-wrap\">\n<div class=\"wpb_text_column wpb_content_element\" style=\" max-width: 800px; display: inline-block;\">\n\t<div class=\"wpb_wrapper\">\n\t\t<p>Ofrecemos seguridad de alto rendimiento dise\u00f1ada para expatriados:<\/p>\n<ul>\n<li>Sistemas de alarma inteligentes con acceso remoto<\/li>\n<li>C\u00e1maras de vigilancia IP con visi\u00f3n nocturna<\/li>\n<li>Monitoreo 24\/7 con respuesta policial directa<\/li>\n<li>Sistemas a prueba de manipulaciones que funcionan durante cortes de energ\u00eda o de Internet<\/li>\n<\/ul>\n<p>Todos los sistemas se explican en ingl\u00e9s y son instalados por profesionales locales de confianza.<\/p>\n\t<\/div>\n<\/div>\n\n\n\n<\/div><\/div><\/div><div class=\"toggle default\" data-inner-wrap=\"true\"><h3 class=\"toggle-title\"><a href=\"#\" role=\"button\" class=\"nectar-inherit-h3 toggle-heading\"><i role=\"presentation\" class=\"fa fa-plus-circle\"><\/i>\u00bfHablas ingl\u00e9s?<\/a><\/h3><div><div class=\"inner-toggle-wrap\">\n<div class=\"wpb_text_column wpb_content_element\" style=\" max-width: 800px; display: inline-block;\">\n\t<div class=\"wpb_wrapper\">\n\t\t<p>S\u00ed, con fluidez. Todos nuestros t\u00e9cnicos hablan ingl\u00e9s y te lo explicamos todo de forma clara y sencilla. No necesitas aplicaciones de traducci\u00f3n.<\/p>\n\t<\/div>\n<\/div>\n\n\n\n<\/div><\/div><\/div><div class=\"toggle default\" data-inner-wrap=\"true\"><h3 class=\"toggle-title\"><a href=\"#\" role=\"button\" class=\"nectar-inherit-h3 toggle-heading\"><i role=\"presentation\" class=\"fa fa-plus-circle\"><\/i>\u00bfPuedo obtener una factura para fines de seguro o impuestos?<\/a><\/h3><div><div class=\"inner-toggle-wrap\">\n<div class=\"wpb_text_column wpb_content_element\" style=\" max-width: 800px; display: inline-block;\">\n\t<div class=\"wpb_wrapper\">\n\t\t<p>Por supuesto. Ofrecemos facturas completas en ingl\u00e9s y espa\u00f1ol, ideales para reclamaciones de seguros, documentaci\u00f3n legal o contabilidad.<\/p>\n\t<\/div>\n<\/div>\n\n\n\n<\/div><\/div><\/div><div class=\"toggle default\" data-inner-wrap=\"true\"><h3 class=\"toggle-title\"><a href=\"#\" role=\"button\" class=\"nectar-inherit-h3 toggle-heading\"><i role=\"presentation\" class=\"fa fa-plus-circle\"><\/i>\u00bfQu\u00e9 tan r\u00e1pido puedes instalarlo?<\/a><\/h3><div><div class=\"inner-toggle-wrap\">\n<div class=\"wpb_text_column wpb_content_element\" style=\" max-width: 800px; display: inline-block;\">\n\t<div class=\"wpb_wrapper\">\n\t\t<p>En muchos casos, ofrecemos instalaci\u00f3n el mismo d\u00eda. De lo contrario, nuestro objetivo es agendar su cita dentro de las 48 horas. Los servicios para empresas y las instalaciones de seguridad completas pueden tardar un poco m\u00e1s, dependiendo de su ubicaci\u00f3n y configuraci\u00f3n.<\/p>\n\t<\/div>\n<\/div>\n\n\n\n<\/div><\/div><\/div><div class=\"toggle default\" data-inner-wrap=\"true\"><h3 class=\"toggle-title\"><a href=\"#\" role=\"button\" class=\"nectar-inherit-h3 toggle-heading\"><i role=\"presentation\" class=\"fa fa-plus-circle\"><\/i>\u00bfCuanto cuestan sus servicios?<\/a><\/h3><div><div class=\"inner-toggle-wrap\">\n<div class=\"wpb_text_column wpb_content_element\" style=\" max-width: 800px; display: inline-block;\">\n\t<div class=\"wpb_wrapper\">\n\t\t<p>Ofrecemos precios transparentes y fijos para la mayor\u00eda de los servicios. Para proyectos m\u00e1s grandes, recibir\u00e1 un presupuesto detallado tras una consulta gratuita. Sin cargos ocultos. Sin sorpresas.<\/p>\n\t<\/div>\n<\/div>\n\n\n\n<\/div><\/div><\/div><div class=\"toggle default\" data-inner-wrap=\"true\"><h3 class=\"toggle-title\"><a href=\"#\" role=\"button\" class=\"nectar-inherit-h3 toggle-heading\"><i role=\"presentation\" class=\"fa fa-plus-circle\"><\/i>\u00bfSon sus sistemas de seguridad legales y compatibles en Espa\u00f1a?<\/a><\/h3><div><div class=\"inner-toggle-wrap\">\n<div class=\"wpb_text_column wpb_content_element\" style=\" max-width: 800px; display: inline-block;\">\n\t<div class=\"wpb_wrapper\">\n\t\t<p>S\u00ed. Todos nuestros sistemas cumplen o superan las normativas de seguridad vigentes de Espa\u00f1a y la UE. Adem\u00e1s, trabajamos con centros de monitorizaci\u00f3n autorizados y estamos conectados a sistemas de respuesta a emergencias.<\/p>\n\t<\/div>\n<\/div>\n\n\n\n<\/div><\/div><\/div><div class=\"toggle default\" data-inner-wrap=\"true\"><h3 class=\"toggle-title\"><a href=\"#\" role=\"button\" class=\"nectar-inherit-h3 toggle-heading\"><i role=\"presentation\" class=\"fa fa-plus-circle\"><\/i>\u00bfOfrecen soporte continuo?<\/a><\/h3><div><div class=\"inner-toggle-wrap\">\n<div class=\"wpb_text_column wpb_content_element\" style=\" max-width: 800px; display: inline-block;\">\n\t<div class=\"wpb_wrapper\">\n\t\t<p>S\u00ed. Ya sea que se trate de un problema t\u00e9cnico o de una configuraci\u00f3n que desee ajustar, siempre estamos disponibles por tel\u00e9fono, WhatsApp o correo electr\u00f3nico. Y s\u00ed, hablar\u00e1 con una persona real en todo momento.<\/p>\n\t<\/div>\n<\/div>\n\n\n\n<\/div><\/div><\/div><div class=\"toggle default\" data-inner-wrap=\"true\"><h3 class=\"toggle-title\"><a href=\"#\" role=\"button\" class=\"nectar-inherit-h3 toggle-heading\"><i role=\"presentation\" class=\"fa fa-plus-circle\"><\/i>\u00bfTrabajas tambi\u00e9n con empresas?<\/a><\/h3><div><div class=\"inner-toggle-wrap\">\n<div class=\"wpb_text_column wpb_content_element\" style=\" max-width: 800px; display: inline-block;\">\n\t<div class=\"wpb_wrapper\">\n\t\t<p>S\u00ed, apoyamos a empresas gestionadas por expatriados en toda la Costa Blanca. Desde redes de oficina y tel\u00e9fonos VoIP hasta ciberseguridad y cortafuegos, lo tenemos cubierto.<\/p>\n\t<\/div>\n<\/div>\n\n\n\n<\/div><\/div><\/div><div class=\"toggle default\" data-inner-wrap=\"true\"><h3 class=\"toggle-title\"><a href=\"#\" role=\"button\" class=\"nectar-inherit-h3 toggle-heading\"><i role=\"presentation\" class=\"fa fa-plus-circle\"><\/i>\u00bfTrabajas con segundas residencias o alquileres vacacionales?<\/a><\/h3><div><div class=\"inner-toggle-wrap\">\n<div class=\"wpb_text_column wpb_content_element\" style=\" max-width: 800px; display: inline-block;\">\n\t<div class=\"wpb_wrapper\">\n\t\t<p>Constantemente. Muchos de nuestros clientes residen en Espa\u00f1a a tiempo parcial. Dise\u00f1amos sistemas que puede controlar y supervisar remotamente desde cualquier lugar del mundo.<\/p>\n\t<\/div>\n<\/div>\n\n\n\n<\/div><\/div><\/div><\/div>\n\n\n\n\n\n\n\n\n\n\n\n\n\n\n\n\n\n\n\n\n\t\t\t<\/div> \n\t\t<\/div>\n\t<\/div> \n<\/div><\/div>","protected":false},"excerpt":{"rendered":"Preguntas frecuentes Ya sea que se pregunte c\u00f3mo configurar Wi-Fi en su villa espa\u00f1ola o qu\u00e9 tipo de sistema de alarma funciona mejor en la Costa Blanca, Blancatec est\u00e1 aqu\u00ed...","protected":false},"author":2,"featured_media":0,"parent":0,"menu_order":0,"comment_status":"closed","ping_status":"closed","template":"","meta":{"footnotes":""},"class_list":["post-23","page","type-page","status-publish"],"yoast_head":"<!-- This site is optimized with the Yoast SEO plugin v27.5 - https:\/\/yoast.com\/product\/yoast-seo-wordpress\/ -->\n<title>FAQ | Blancatec<\/title>\n<meta name=\"description\" content=\"Whether you\u2019re wondering how to set up Wi-Fi in your Spanish villa or what kind of alarm system works best on the Costa Blanca\u2014Blancatec is here with the answers.\" \/>\n<meta name=\"robots\" content=\"index, follow, max-snippet:-1, max-image-preview:large, max-video-preview:-1\" \/>\n<link rel=\"canonical\" href=\"https:\/\/www.blancatec.com\/es\/faq\/\" \/>\n<meta property=\"og:locale\" content=\"es_ES\" \/>\n<meta property=\"og:type\" content=\"article\" \/>\n<meta property=\"og:title\" content=\"FAQ | Blancatec\" \/>\n<meta property=\"og:description\" content=\"Whether you\u2019re wondering how to set up Wi-Fi in your Spanish villa or what kind of alarm system works best on the Costa Blanca\u2014Blancatec is here with the answers.\" \/>\n<meta property=\"og:url\" content=\"https:\/\/www.blancatec.com\/es\/faq\/\" \/>\n<meta property=\"og:site_name\" content=\"Blancatec\" \/>\n<meta property=\"article:modified_time\" content=\"2025-06-02T20:27:58+00:00\" \/>\n<meta property=\"og:image\" content=\"https:\/\/www.blancatec.com\/wp-content\/uploads\/2025\/06\/Site-image-Yoast-SEO.png\" \/>\n\t<meta property=\"og:image:width\" content=\"1200\" \/>\n\t<meta property=\"og:image:height\" content=\"675\" \/>\n\t<meta property=\"og:image:type\" content=\"image\/png\" \/>\n<meta name=\"twitter:card\" content=\"summary_large_image\" \/>\n<meta name=\"twitter:label1\" content=\"Tiempo de lectura\" \/>\n\t<meta name=\"twitter:data1\" content=\"2 minutos\" \/>\n<script type=\"application\/ld+json\" class=\"yoast-schema-graph\">{\"@context\":\"https:\\\/\\\/schema.org\",\"@graph\":[{\"@type\":\"WebPage\",\"@id\":\"https:\\\/\\\/www.blancatec.com\\\/faq\\\/\",\"url\":\"https:\\\/\\\/www.blancatec.com\\\/faq\\\/\",\"name\":\"FAQ | Blancatec\",\"isPartOf\":{\"@id\":\"https:\\\/\\\/www.blancatec.com\\\/#website\"},\"datePublished\":\"2025-06-02T12:07:59+00:00\",\"dateModified\":\"2025-06-02T20:27:58+00:00\",\"description\":\"Whether you\u2019re wondering how to set up Wi-Fi in your Spanish villa or what kind of alarm system works best on the Costa Blanca\u2014Blancatec is here with the answers.\",\"breadcrumb\":{\"@id\":\"https:\\\/\\\/www.blancatec.com\\\/faq\\\/#breadcrumb\"},\"inLanguage\":\"es\",\"potentialAction\":[{\"@type\":\"ReadAction\",\"target\":[\"https:\\\/\\\/www.blancatec.com\\\/faq\\\/\"]}]},{\"@type\":\"BreadcrumbList\",\"@id\":\"https:\\\/\\\/www.blancatec.com\\\/faq\\\/#breadcrumb\",\"itemListElement\":[{\"@type\":\"ListItem\",\"position\":1,\"name\":\"Home\",\"item\":\"https:\\\/\\\/www.blancatec.com\\\/\"},{\"@type\":\"ListItem\",\"position\":2,\"name\":\"FAQ\"}]},{\"@type\":\"WebSite\",\"@id\":\"https:\\\/\\\/www.blancatec.com\\\/#website\",\"url\":\"https:\\\/\\\/www.blancatec.com\\\/\",\"name\":\"Blancatec\",\"description\":\"Your IT &amp; Security Partner on the Costa Blanca\",\"potentialAction\":[{\"@type\":\"SearchAction\",\"target\":{\"@type\":\"EntryPoint\",\"urlTemplate\":\"https:\\\/\\\/www.blancatec.com\\\/?s={search_term_string}\"},\"query-input\":{\"@type\":\"PropertyValueSpecification\",\"valueRequired\":true,\"valueName\":\"search_term_string\"}}],\"inLanguage\":\"es\"}]}<\/script>\n<!-- \/ Yoast SEO plugin. -->","yoast_head_json":{"title":"FAQ | Blancatec","description":"Whether you\u2019re wondering how to set up Wi-Fi in your Spanish villa or what kind of alarm system works best on the Costa Blanca\u2014Blancatec is here with the answers.","robots":{"index":"index","follow":"follow","max-snippet":"max-snippet:-1","max-image-preview":"max-image-preview:large","max-video-preview":"max-video-preview:-1"},"canonical":"https:\/\/www.blancatec.com\/es\/faq\/","og_locale":"es_ES","og_type":"article","og_title":"FAQ | Blancatec","og_description":"Whether you\u2019re wondering how to set up Wi-Fi in your Spanish villa or what kind of alarm system works best on the Costa Blanca\u2014Blancatec is here with the answers.","og_url":"https:\/\/www.blancatec.com\/es\/faq\/","og_site_name":"Blancatec","article_modified_time":"2025-06-02T20:27:58+00:00","og_image":[{"width":1200,"height":675,"url":"https:\/\/www.blancatec.com\/wp-content\/uploads\/2025\/06\/Site-image-Yoast-SEO.png","type":"image\/png"}],"twitter_card":"summary_large_image","twitter_misc":{"Tiempo de lectura":"2 minutos"},"schema":{"@context":"https:\/\/schema.org","@graph":[{"@type":"WebPage","@id":"https:\/\/www.blancatec.com\/faq\/","url":"https:\/\/www.blancatec.com\/faq\/","name":"FAQ | Blancatec","isPartOf":{"@id":"https:\/\/www.blancatec.com\/#website"},"datePublished":"2025-06-02T12:07:59+00:00","dateModified":"2025-06-02T20:27:58+00:00","description":"Whether you\u2019re wondering how to set up Wi-Fi in your Spanish villa or what kind of alarm system works best on the Costa Blanca\u2014Blancatec is here with the answers.","breadcrumb":{"@id":"https:\/\/www.blancatec.com\/faq\/#breadcrumb"},"inLanguage":"es","potentialAction":[{"@type":"ReadAction","target":["https:\/\/www.blancatec.com\/faq\/"]}]},{"@type":"BreadcrumbList","@id":"https:\/\/www.blancatec.com\/faq\/#breadcrumb","itemListElement":[{"@type":"ListItem","position":1,"name":"Home","item":"https:\/\/www.blancatec.com\/"},{"@type":"ListItem","position":2,"name":"FAQ"}]},{"@type":"WebSite","@id":"https:\/\/www.blancatec.com\/#website","url":"https:\/\/www.blancatec.com\/","name":"Blancatec","description":"Your IT &amp; Security Partner on the Costa Blanca","potentialAction":[{"@type":"SearchAction","target":{"@type":"EntryPoint","urlTemplate":"https:\/\/www.blancatec.com\/?s={search_term_string}"},"query-input":{"@type":"PropertyValueSpecification","valueRequired":true,"valueName":"search_term_string"}}],"inLanguage":"es"}]}},"_links":{"self":[{"href":"https:\/\/www.blancatec.com\/es\/wp-json\/wp\/v2\/pages\/23","targetHints":{"allow":["GET"]}}],"collection":[{"href":"https:\/\/www.blancatec.com\/es\/wp-json\/wp\/v2\/pages"}],"about":[{"href":"https:\/\/www.blancatec.com\/es\/wp-json\/wp\/v2\/types\/page"}],"author":[{"embeddable":true,"href":"https:\/\/www.blancatec.com\/es\/wp-json\/wp\/v2\/users\/2"}],"replies":[{"embeddable":true,"href":"https:\/\/www.blancatec.com\/es\/wp-json\/wp\/v2\/comments?post=23"}],"version-history":[{"count":6,"href":"https:\/\/www.blancatec.com\/es\/wp-json\/wp\/v2\/pages\/23\/revisions"}],"predecessor-version":[{"id":80,"href":"https:\/\/www.blancatec.com\/es\/wp-json\/wp\/v2\/pages\/23\/revisions\/80"}],"wp:attachment":[{"href":"https:\/\/www.blancatec.com\/es\/wp-json\/wp\/v2\/media?parent=23"}],"curies":[{"name":"wp","href":"https:\/\/api.w.org\/{rel}","templated":true}]}}